{"id":264,"date":"2025-12-02T11:10:36","date_gmt":"2025-12-02T11:10:36","guid":{"rendered":"https:\/\/geek.puzb.com\/?page_id=264"},"modified":"2025-12-02T11:10:38","modified_gmt":"2025-12-02T11:10:38","slug":"refund-policy","status":"publish","type":"page","link":"https:\/\/geekpulse.shop\/de\/refund-policy\/","title":{"rendered":"R\u00fcckerstattungsrichtlinie"},"content":{"rendered":"<p><strong>Letzte Aktualisierung:<\/strong> 02\/12\/2025<\/p>\n\n\n\n<p>Bei <strong>Geek Pulse<\/strong>, Wir m\u00f6chten Ihnen hilfreiche digitale Inhalte, Informationen und Dienstleistungen anbieten. Da unsere Website haupts\u00e4chlich informative und digitale Inhalte bereitstellt, richten sich unsere R\u00fcckerstattungsbedingungen nach der Art des gekauften Produkts oder der Dienstleistung.<\/p>\n\n\n\n<p>Bitte lesen Sie diese R\u00fcckerstattungsrichtlinie sorgf\u00e4ltig durch, bevor Sie einen Kauf auf unserer Website t\u00e4tigen.<\/p>\n\n\n\n<hr class=\"wp-block-separator has-alpha-channel-opacity\"\/>\n\n\n\n<h2 class=\"wp-block-heading\">1. Digitale Produkte \/ Herunterladbare Inhalte<\/h2>\n\n\n\n<p>Wenn wir digitale Produkte wie Leitf\u00e4den, E-Books, Vorlagen oder \u00e4hnliche Inhalte anbieten, <strong>Alle digitalen Verk\u00e4ufe sind endg\u00fcltig.<\/strong>.<br>Sobald digitale Inhalte ausgeliefert oder abgerufen werden, <strong>Wir bieten keine R\u00fcckerstattungen an.<\/strong>, weil das Produkt nicht zur\u00fcckgegeben werden kann.<\/p>\n\n\n\n<p>Sollten Sie jedoch Folgendes erleben:<\/p>\n\n\n\n<ul class=\"wp-block-list\">\n<li>Technische Probleme beim Zugriff auf Ihren Kauf,<\/li>\n\n\n\n<li>fehlerhafte Dateizustellung,<\/li>\n\n\n\n<li>oder ein fehlender Download-Link,<\/li>\n<\/ul>\n\n\n\n<p>Bitte kontaktieren Sie uns, und wir senden Ihnen den Zugriff auf Ihren digitalen Artikel erneut zu oder reparieren ihn kostenlos.<\/p>\n\n\n\n<hr class=\"wp-block-separator has-alpha-channel-opacity\"\/>\n\n\n\n<h2 class=\"wp-block-heading\">2. Dienstleistungen (falls zutreffend)<\/h2>\n\n\n\n<p>Wenn die Website Dienstleistungen wie Beratung, digitale Unterst\u00fctzung oder andere kostenpflichtige Dienste anbietet:<\/p>\n\n\n\n<ul class=\"wp-block-list\">\n<li>R\u00fcckerstattungen k\u00f6nnen in Betracht gezogen werden <strong>nur wenn der Dienst noch nicht gestartet wurde.<\/strong>.<\/li>\n\n\n\n<li>Wenn die Arbeiten bereits begonnen oder abgeschlossen sind, erfolgt keine R\u00fcckerstattung.<\/li>\n\n\n\n<li>Falls wir die beschriebene Leistung aufgrund eines Fehlers unsererseits nicht erbringen k\u00f6nnen, k\u00f6nnen Sie je nach Sachlage eine teilweise oder vollst\u00e4ndige R\u00fcckerstattung verlangen.<\/li>\n<\/ul>\n\n\n\n<p>Jeder Antrag auf R\u00fcckerstattung einer Dienstleistung wird gepr\u00fcft. <strong>von Fall zu Fall<\/strong>.<\/p>\n\n\n\n<hr class=\"wp-block-separator has-alpha-channel-opacity\"\/>\n\n\n\n<h2 class=\"wp-block-heading\">3. Versehentliche oder doppelte Zahlungen<\/h2>\n\n\n\n<p>Wenn Sie glauben, dass Sie einen Fehler gemacht haben:<\/p>\n\n\n\n<ul class=\"wp-block-list\">\n<li>Doppelte Zahlung,<\/li>\n\n\n\n<li>versehentliche Transaktion,<\/li>\n\n\n\n<li>oder wurden doppelt angeklagt,<\/li>\n<\/ul>\n\n\n\n<p>Bitte kontaktieren Sie uns umgehend. Wir werden die Transaktion \u00fcberpr\u00fcfen und gegebenenfalls eine R\u00fcckerstattung veranlassen.<\/p>\n\n\n\n<hr class=\"wp-block-separator has-alpha-channel-opacity\"\/>\n\n\n\n<h2 class=\"wp-block-heading\">4. Nicht autorisierte Zahlungen<\/h2>\n\n\n\n<p>Sollten Sie eine unautorisierte Transaktion \u00fcber Ihr Konto oder Ihre E-Mail-Adresse feststellen, kontaktieren Sie uns bitte so schnell wie m\u00f6glich.<br>Wir werden den Sachverhalt untersuchen und bei der L\u00f6sung behilflich sein.<\/p>\n\n\n\n<hr class=\"wp-block-separator has-alpha-channel-opacity\"\/>\n\n\n\n<h2 class=\"wp-block-heading\">5. Bearbeitungszeit f\u00fcr genehmigte R\u00fcckerstattungen<\/h2>\n\n\n\n<p>Wenn eine R\u00fcckerstattung genehmigt wird:<\/p>\n\n\n\n<ul class=\"wp-block-list\">\n<li>R\u00fcckerstattungen werden an die <strong>urspr\u00fcngliche Zahlungsmethode<\/strong>.<\/li>\n\n\n\n<li>Die Bearbeitungszeit kann dauern <strong>5\u201310 Werktage<\/strong>, abh\u00e4ngig von Ihrer Bank oder Zahlungsplattform (Stripe, PayPal usw.).<\/li>\n<\/ul>\n\n\n\n<hr class=\"wp-block-separator has-alpha-channel-opacity\"\/>\n\n\n\n<h2 class=\"wp-block-heading\">6. Kontaktieren Sie uns bei R\u00fcckerstattungsanfragen<\/h2>\n\n\n\n<p>Bei allen Fragen oder Anfragen bez\u00fcglich R\u00fcckerstattungen kontaktieren Sie uns bitte \u00fcber unser <a href=\"https:\/\/geek.puzb.com\/contact\/\" target=\"_blank\" rel=\"noopener\"><strong>Kontaktseite<\/strong><\/a><\/p>","protected":false},"excerpt":{"rendered":"<p>Last updated: 02\/12\/2025 At Geek Pulse, we aim to provide helpful digital content, information, and services. Because our website primarily [&hellip;]<\/p>","protected":false},"author":1,"featured_media":0,"parent":0,"menu_order":0,"comment_status":"closed","ping_status":"closed","template":"","meta":{"_uag_custom_page_level_css":"","site-sidebar-layout":"default","site-content-layout":"","ast-site-content-layout":"default","site-content-style":"default","site-sidebar-style":"default","ast-global-header-display":"","ast-banner-title-visibility":"","ast-main-header-display":"","ast-hfb-above-header-display":"","ast-hfb-below-header-display":"","ast-hfb-mobile-header-display":"","site-post-title":"","ast-breadcrumbs-content":"","ast-featured-img":"","footer-sml-layout":"","ast-disable-related-posts":"","theme-transparent-header-meta":"","adv-header-id-meta":"","stick-header-meta":"","header-above-stick-meta":"","header-main-stick-meta":"","header-below-stick-meta":"","astra-migrate-meta-layouts":"default","ast-page-background-enabled":"default","ast-page-background-meta":{"desktop":{"background-color":"var(--ast-global-color-5)","background-image":"","background-repeat":"repeat","background-position":"center center","background-size":"auto","background-attachment":"scroll","background-type":"","background-media":"","overlay-type":"","overlay-color":"","overlay-opacity":"","overlay-gradient":""},"tablet":{"background-color":"","background-image":"","background-repeat":"repeat","background-position":"center center","background-size":"auto","background-attachment":"scroll","background-type":"","background-media":"","overlay-type":"","overlay-color":"","overlay-opacity":"","overlay-gradient":""},"mobile":{"background-color":"","background-image":"","background-repeat":"repeat","background-position":"center center","background-size":"auto","background-attachment":"scroll","background-type":"","background-media":"","overlay-type":"","overlay-color":"","overlay-opacity":"","overlay-gradient":""}},"ast-content-background-meta":{"desktop":{"background-color":"var(--ast-global-color-4)","background-image":"","background-repeat":"repeat","background-position":"center center","background-size":"auto","background-attachment":"scroll","background-type":"","background-media":"","overlay-type":"","overlay-color":"","overlay-opacity":"","overlay-gradient":""},"tablet":{"background-color":"var(--ast-global-color-4)","background-image":"","background-repeat":"repeat","background-position":"center center","background-size":"auto","background-attachment":"scroll","background-type":"","background-media":"","overlay-type":"","overlay-color":"","overlay-opacity":"","overlay-gradient":""},"mobile":{"background-color":"var(--ast-global-color-4)","background-image":"","background-repeat":"repeat","background-position":"center center","background-size":"auto","background-attachment":"scroll","background-type":"","background-media":"","overlay-type":"","overlay-color":"","overlay-opacity":"","overlay-gradient":""}},"footnotes":""},"class_list":["post-264","page","type-page","status-publish","hentry"],"spectra_custom_meta":{"_edit_lock":["1764674572:1"],"rank_math_seo_score":["15"],"_edit_last":["1"],"_uag_css_file_name":["uag-css-264.css"],"rank_math_internal_links_processed":["1"],"_uag_page_assets":["a:9:{s:3:\"css\";s:14785:\".uag-blocks-common-selector{z-index:var(--z-index-desktop) !important}@media (max-width: 976px){.uag-blocks-common-selector{z-index:var(--z-index-tablet) !important}}@media (max-width: 767px){.uag-blocks-common-selector{z-index:var(--z-index-mobile) !important}}\n.uagb-icon-list__wrap{display:flex;align-items:flex-start;justify-content:flex-start}.wp-block-uagb-icon-list-child{padding:0;transition:all 0.2s;display:inline-flex;color:#3a3a3a;align-items:center;text-decoration:none;box-shadow:none}.wp-block-uagb-icon-list-child span.uagb-icon-list__source-wrap{display:block;align-items:center}.uagb-icon-list__source-wrap svg{display:block}.uagb-icon-list__source-image{width:40px}.uagb-icon-list__outer-wrap .uagb-icon-list__content-wrap{color:#3a3a3a;display:flex;align-items:center}\n.wp-block-uagb-icon-list-child{position:relative}.wp-block-uagb-icon-list-child>a{position:absolute;top:0;left:0;width:100%;height:100%}img.uagb-icon-list__source-image{max-width:unset}.wp-block-uagb-icon-list-child .uagb-icon-list__label{word-break:break-word}\n.wp-block-uagb-icon-list.uagb-block-554f5597 .uagb-icon-list__source-image{width: 16px;}.wp-block-uagb-icon-list.uagb-block-554f5597 .wp-block-uagb-icon-list-child .uagb-icon-list__source-wrap svg{width: 16px;height: 16px;font-size: 16px;color: var(--ast-global-color-1);fill: var(--ast-global-color-1);}.wp-block-uagb-icon-list.uagb-block-554f5597 .wp-block-uagb-icon-list-child .uagb-icon-list__source-wrap{padding: 0px;border-radius: 0px;border-width: 0px;align-self: center;}.wp-block-uagb-icon-list.uagb-block-554f5597 .wp-block-uagb-icon-list-child .uagb-icon-list__label{text-decoration: !important;line-height: em;}.wp-block-uagb-icon-list.uagb-block-554f5597 .uagb-icon-list__wrap{display: flex;flex-direction: column;justify-content: center;-webkit-box-pack: center;-ms-flex-pack: center;-webkit-box-align: flex-start;-ms-flex-align: flex-start;align-items: flex-start;}.wp-block-uagb-icon-list.uagb-block-554f5597 .uagb-icon-list__label{text-align: left;}.wp-block-uagb-icon-list.uagb-block-554f5597 .wp-block-uagb-icon-list-child{text-decoration: !important;line-height: em;}.wp-block-uagb-icon-list.uagb-block-554f5597.wp-block-uagb-icon-list .wp-block-uagb-icon-list-child{margin-left: 0;margin-right: 0;margin-bottom: 10px;}.wp-block-uagb-icon-list.uagb-block-554f5597 .uagb-icon-list__source-wrap{margin-right: 15px;}.uagb-block-43e7b511.wp-block-uagb-icon-list-child .uagb-icon-list__label{color: var(--ast-global-color-0) !important;}.uagb-block-43e7b511.wp-block-uagb-icon-list-child .uagb-icon-list__source-wrap{background:  !important;border-color:  !important;}.uagb-block-43e7b511.wp-block-uagb-icon-list-child:hover .uagb-icon-list__source-wrap{background:  !important;border-color:  !important;}.uagb-block-f01f2a89.wp-block-uagb-icon-list-child .uagb-icon-list__label{color: var(--ast-global-color-0) !important;}.uagb-block-f01f2a89.wp-block-uagb-icon-list-child .uagb-icon-list__source-wrap{background:  !important;border-color:  !important;}.uagb-block-f01f2a89.wp-block-uagb-icon-list-child:hover .uagb-icon-list__source-wrap{background:  !important;border-color:  !important;}.uagb-block-82f05ac5.wp-block-uagb-icon-list-child .uagb-icon-list__label{color: var(--ast-global-color-0) !important;}.uagb-block-82f05ac5.wp-block-uagb-icon-list-child .uagb-icon-list__source-wrap{background:  !important;border-color:  !important;}.uagb-block-82f05ac5.wp-block-uagb-icon-list-child:hover .uagb-icon-list__source-wrap{background:  !important;border-color:  !important;}.uagb-block-82f05ac5.wp-block-uagb-icon-list-child .uagb-icon-list__label{color: var(--ast-global-color-0) !important;}.uagb-block-82f05ac5.wp-block-uagb-icon-list-child .uagb-icon-list__source-wrap{background:  !important;border-color:  !important;}.uagb-block-82f05ac5.wp-block-uagb-icon-list-child:hover .uagb-icon-list__source-wrap{background:  !important;border-color:  !important;}@media only screen and (max-width: 976px) {.wp-block-uagb-icon-list.uagb-block-554f5597 .uagb-icon-list__source-image{width: 16px;}.wp-block-uagb-icon-list.uagb-block-554f5597 .wp-block-uagb-icon-list-child .uagb-icon-list__source-wrap svg{width: 16px;height: 16px;font-size: 16px;}.wp-block-uagb-icon-list.uagb-block-554f5597 .wp-block-uagb-icon-list-child .uagb-icon-list__source-wrap {padding: 0px;border-width: 0px;align-self: center;}.wp-block-uagb-icon-list.uagb-block-554f5597 .uagb-icon-list__wrap{display: flex;flex-direction: column;justify-content: center;-webkit-box-pack: center;-ms-flex-pack: center;-webkit-box-align: flex-start;-ms-flex-align: flex-start;align-items: flex-start;}.wp-block-uagb-icon-list.uagb-block-554f5597.wp-block-uagb-icon-list .wp-block-uagb-icon-list-child{margin-left: 0;margin-right: 0;margin-bottom: 10px;}}@media only screen and (max-width: 767px) {.wp-block-uagb-icon-list.uagb-block-554f5597 .uagb-icon-list__source-image{width: 16px;}.wp-block-uagb-icon-list.uagb-block-554f5597 .wp-block-uagb-icon-list-child .uagb-icon-list__source-wrap svg{width: 16px;height: 16px;font-size: 16px;}.wp-block-uagb-icon-list.uagb-block-554f5597 .wp-block-uagb-icon-list-child .uagb-icon-list__source-wrap{padding: 0px;border-width: 0px;align-self: center;}.wp-block-uagb-icon-list.uagb-block-554f5597 .uagb-icon-list__wrap{display: flex;flex-direction: column;justify-content: center;-webkit-box-pack: center;-ms-flex-pack: center;-webkit-box-align: flex-start;-ms-flex-align: flex-start;align-items: flex-start;}.wp-block-uagb-icon-list.uagb-block-554f5597.wp-block-uagb-icon-list .wp-block-uagb-icon-list-child{margin-left: 0;margin-right: 0;margin-bottom: 10px;}}.wp-block-uagb-icon-list.uagb-block-554f5597 .uagb-icon-list__source-image{width: 16px;}.wp-block-uagb-icon-list.uagb-block-554f5597 .wp-block-uagb-icon-list-child .uagb-icon-list__source-wrap svg{width: 16px;height: 16px;font-size: 16px;color: var(--ast-global-color-1);fill: var(--ast-global-color-1);}.wp-block-uagb-icon-list.uagb-block-554f5597 .wp-block-uagb-icon-list-child .uagb-icon-list__source-wrap{padding: 0px;border-radius: 0px;border-width: 0px;align-self: center;}.wp-block-uagb-icon-list.uagb-block-554f5597 .wp-block-uagb-icon-list-child .uagb-icon-list__label{text-decoration: !important;line-height: em;}.wp-block-uagb-icon-list.uagb-block-554f5597 .uagb-icon-list__wrap{display: flex;flex-direction: column;justify-content: center;-webkit-box-pack: center;-ms-flex-pack: center;-webkit-box-align: flex-start;-ms-flex-align: flex-start;align-items: flex-start;}.wp-block-uagb-icon-list.uagb-block-554f5597 .uagb-icon-list__label{text-align: left;}.wp-block-uagb-icon-list.uagb-block-554f5597 .wp-block-uagb-icon-list-child{text-decoration: !important;line-height: em;}.wp-block-uagb-icon-list.uagb-block-554f5597.wp-block-uagb-icon-list .wp-block-uagb-icon-list-child{margin-left: 0;margin-right: 0;margin-bottom: 10px;}.wp-block-uagb-icon-list.uagb-block-554f5597 .uagb-icon-list__source-wrap{margin-right: 15px;}.uagb-block-43e7b511.wp-block-uagb-icon-list-child .uagb-icon-list__label{color: var(--ast-global-color-0) !important;}.uagb-block-43e7b511.wp-block-uagb-icon-list-child .uagb-icon-list__source-wrap{background:  !important;border-color:  !important;}.uagb-block-43e7b511.wp-block-uagb-icon-list-child:hover .uagb-icon-list__source-wrap{background:  !important;border-color:  !important;}.uagb-block-f01f2a89.wp-block-uagb-icon-list-child .uagb-icon-list__label{color: var(--ast-global-color-0) !important;}.uagb-block-f01f2a89.wp-block-uagb-icon-list-child .uagb-icon-list__source-wrap{background:  !important;border-color:  !important;}.uagb-block-f01f2a89.wp-block-uagb-icon-list-child:hover .uagb-icon-list__source-wrap{background:  !important;border-color:  !important;}.uagb-block-82f05ac5.wp-block-uagb-icon-list-child .uagb-icon-list__label{color: var(--ast-global-color-0) !important;}.uagb-block-82f05ac5.wp-block-uagb-icon-list-child .uagb-icon-list__source-wrap{background:  !important;border-color:  !important;}.uagb-block-82f05ac5.wp-block-uagb-icon-list-child:hover .uagb-icon-list__source-wrap{background:  !important;border-color:  !important;}.uagb-block-82f05ac5.wp-block-uagb-icon-list-child .uagb-icon-list__label{color: var(--ast-global-color-0) !important;}.uagb-block-82f05ac5.wp-block-uagb-icon-list-child .uagb-icon-list__source-wrap{background:  !important;border-color:  !important;}.uagb-block-82f05ac5.wp-block-uagb-icon-list-child:hover .uagb-icon-list__source-wrap{background:  !important;border-color:  !important;}@media only screen and (max-width: 976px) {.wp-block-uagb-icon-list.uagb-block-554f5597 .uagb-icon-list__source-image{width: 16px;}.wp-block-uagb-icon-list.uagb-block-554f5597 .wp-block-uagb-icon-list-child .uagb-icon-list__source-wrap svg{width: 16px;height: 16px;font-size: 16px;}.wp-block-uagb-icon-list.uagb-block-554f5597 .wp-block-uagb-icon-list-child .uagb-icon-list__source-wrap {padding: 0px;border-width: 0px;align-self: center;}.wp-block-uagb-icon-list.uagb-block-554f5597 .uagb-icon-list__wrap{display: flex;flex-direction: column;justify-content: center;-webkit-box-pack: center;-ms-flex-pack: center;-webkit-box-align: flex-start;-ms-flex-align: flex-start;align-items: flex-start;}.wp-block-uagb-icon-list.uagb-block-554f5597.wp-block-uagb-icon-list .wp-block-uagb-icon-list-child{margin-left: 0;margin-right: 0;margin-bottom: 10px;}}@media only screen and (max-width: 767px) {.wp-block-uagb-icon-list.uagb-block-554f5597 .uagb-icon-list__source-image{width: 16px;}.wp-block-uagb-icon-list.uagb-block-554f5597 .wp-block-uagb-icon-list-child .uagb-icon-list__source-wrap svg{width: 16px;height: 16px;font-size: 16px;}.wp-block-uagb-icon-list.uagb-block-554f5597 .wp-block-uagb-icon-list-child .uagb-icon-list__source-wrap{padding: 0px;border-width: 0px;align-self: center;}.wp-block-uagb-icon-list.uagb-block-554f5597 .uagb-icon-list__wrap{display: flex;flex-direction: column;justify-content: center;-webkit-box-pack: center;-ms-flex-pack: center;-webkit-box-align: flex-start;-ms-flex-align: flex-start;align-items: flex-start;}.wp-block-uagb-icon-list.uagb-block-554f5597.wp-block-uagb-icon-list .wp-block-uagb-icon-list-child{margin-left: 0;margin-right: 0;margin-bottom: 10px;}}.wp-block-uagb-icon-list.uagb-block-554f5597 .uagb-icon-list__source-image{width: 16px;}.wp-block-uagb-icon-list.uagb-block-554f5597 .wp-block-uagb-icon-list-child .uagb-icon-list__source-wrap svg{width: 16px;height: 16px;font-size: 16px;color: var(--ast-global-color-1);fill: var(--ast-global-color-1);}.wp-block-uagb-icon-list.uagb-block-554f5597 .wp-block-uagb-icon-list-child .uagb-icon-list__source-wrap{padding: 0px;border-radius: 0px;border-width: 0px;align-self: center;}.wp-block-uagb-icon-list.uagb-block-554f5597 .wp-block-uagb-icon-list-child .uagb-icon-list__label{text-decoration: !important;line-height: em;}.wp-block-uagb-icon-list.uagb-block-554f5597 .uagb-icon-list__wrap{display: flex;flex-direction: column;justify-content: center;-webkit-box-pack: center;-ms-flex-pack: center;-webkit-box-align: flex-start;-ms-flex-align: flex-start;align-items: flex-start;}.wp-block-uagb-icon-list.uagb-block-554f5597 .uagb-icon-list__label{text-align: left;}.wp-block-uagb-icon-list.uagb-block-554f5597 .wp-block-uagb-icon-list-child{text-decoration: !important;line-height: em;}.wp-block-uagb-icon-list.uagb-block-554f5597.wp-block-uagb-icon-list .wp-block-uagb-icon-list-child{margin-left: 0;margin-right: 0;margin-bottom: 10px;}.wp-block-uagb-icon-list.uagb-block-554f5597 .uagb-icon-list__source-wrap{margin-right: 15px;}.uagb-block-43e7b511.wp-block-uagb-icon-list-child .uagb-icon-list__label{color: var(--ast-global-color-0) !important;}.uagb-block-43e7b511.wp-block-uagb-icon-list-child .uagb-icon-list__source-wrap{background:  !important;border-color:  !important;}.uagb-block-43e7b511.wp-block-uagb-icon-list-child:hover .uagb-icon-list__source-wrap{background:  !important;border-color:  !important;}.uagb-block-f01f2a89.wp-block-uagb-icon-list-child .uagb-icon-list__label{color: var(--ast-global-color-0) !important;}.uagb-block-f01f2a89.wp-block-uagb-icon-list-child .uagb-icon-list__source-wrap{background:  !important;border-color:  !important;}.uagb-block-f01f2a89.wp-block-uagb-icon-list-child:hover .uagb-icon-list__source-wrap{background:  !important;border-color:  !important;}.uagb-block-82f05ac5.wp-block-uagb-icon-list-child .uagb-icon-list__label{color: var(--ast-global-color-0) !important;}.uagb-block-82f05ac5.wp-block-uagb-icon-list-child .uagb-icon-list__source-wrap{background:  !important;border-color:  !important;}.uagb-block-82f05ac5.wp-block-uagb-icon-list-child:hover .uagb-icon-list__source-wrap{background:  !important;border-color:  !important;}.uagb-block-82f05ac5.wp-block-uagb-icon-list-child .uagb-icon-list__label{color: var(--ast-global-color-0) !important;}.uagb-block-82f05ac5.wp-block-uagb-icon-list-child .uagb-icon-list__source-wrap{background:  !important;border-color:  !important;}.uagb-block-82f05ac5.wp-block-uagb-icon-list-child:hover .uagb-icon-list__source-wrap{background:  !important;border-color:  !important;}@media only screen and (max-width: 976px) {.wp-block-uagb-icon-list.uagb-block-554f5597 .uagb-icon-list__source-image{width: 16px;}.wp-block-uagb-icon-list.uagb-block-554f5597 .wp-block-uagb-icon-list-child .uagb-icon-list__source-wrap svg{width: 16px;height: 16px;font-size: 16px;}.wp-block-uagb-icon-list.uagb-block-554f5597 .wp-block-uagb-icon-list-child .uagb-icon-list__source-wrap {padding: 0px;border-width: 0px;align-self: center;}.wp-block-uagb-icon-list.uagb-block-554f5597 .uagb-icon-list__wrap{display: flex;flex-direction: column;justify-content: center;-webkit-box-pack: center;-ms-flex-pack: center;-webkit-box-align: flex-start;-ms-flex-align: flex-start;align-items: flex-start;}.wp-block-uagb-icon-list.uagb-block-554f5597.wp-block-uagb-icon-list .wp-block-uagb-icon-list-child{margin-left: 0;margin-right: 0;margin-bottom: 10px;}}@media only screen and (max-width: 767px) {.wp-block-uagb-icon-list.uagb-block-554f5597 .uagb-icon-list__source-image{width: 16px;}.wp-block-uagb-icon-list.uagb-block-554f5597 .wp-block-uagb-icon-list-child .uagb-icon-list__source-wrap svg{width: 16px;height: 16px;font-size: 16px;}.wp-block-uagb-icon-list.uagb-block-554f5597 .wp-block-uagb-icon-list-child .uagb-icon-list__source-wrap{padding: 0px;border-width: 0px;align-self: center;}.wp-block-uagb-icon-list.uagb-block-554f5597 .uagb-icon-list__wrap{display: flex;flex-direction: column;justify-content: center;-webkit-box-pack: center;-ms-flex-pack: center;-webkit-box-align: flex-start;-ms-flex-align: flex-start;align-items: flex-start;}.wp-block-uagb-icon-list.uagb-block-554f5597.wp-block-uagb-icon-list .wp-block-uagb-icon-list-child{margin-left: 0;margin-right: 0;margin-bottom: 10px;}}\";s:2:\"js\";s:0:\"\";s:18:\"current_block_list\";a:14:{i:0;s:14:\"core\/paragraph\";i:1;s:14:\"core\/separator\";i:2;s:12:\"core\/heading\";i:3;s:9:\"core\/list\";i:4;s:14:\"core\/list-item\";i:5;s:11:\"core\/search\";i:6;s:10:\"core\/group\";i:7;s:17:\"core\/latest-posts\";i:8;s:20:\"core\/latest-comments\";i:9;s:13:\"core\/archives\";i:10;s:15:\"core\/categories\";i:11;s:10:\"core\/image\";i:12;s:14:\"uagb\/icon-list\";i:13;s:20:\"uagb\/icon-list-child\";}s:8:\"uag_flag\";b:1;s:11:\"uag_version\";s:10:\"1775514387\";s:6:\"gfonts\";a:0:{}s:10:\"gfonts_url\";s:0:\"\";s:12:\"gfonts_files\";a:0:{}s:14:\"uag_faq_layout\";b:0;}"]},"uagb_featured_image_src":{"full":false,"thumbnail":false,"medium":false,"medium_large":false,"large":false,"1536x1536":false,"2048x2048":false,"trp-custom-language-flag":false,"woocommerce_thumbnail":false,"woocommerce_single":false,"woocommerce_gallery_thumbnail":false},"uagb_author_info":{"display_name":"seo","author_link":"https:\/\/geekpulse.shop\/de\/author\/seo\/"},"uagb_comment_info":0,"uagb_excerpt":"Last updated: 02\/12\/2025 At Geek Pulse, we aim to provide helpful digital content, information, and services. Because our website primarily [&hellip;]","_links":{"self":[{"href":"https:\/\/geekpulse.shop\/de\/wp-json\/wp\/v2\/pages\/264","targetHints":{"allow":["GET"]}}],"collection":[{"href":"https:\/\/geekpulse.shop\/de\/wp-json\/wp\/v2\/pages"}],"about":[{"href":"https:\/\/geekpulse.shop\/de\/wp-json\/wp\/v2\/types\/page"}],"author":[{"embeddable":true,"href":"https:\/\/geekpulse.shop\/de\/wp-json\/wp\/v2\/users\/1"}],"replies":[{"embeddable":true,"href":"https:\/\/geekpulse.shop\/de\/wp-json\/wp\/v2\/comments?post=264"}],"version-history":[{"count":1,"href":"https:\/\/geekpulse.shop\/de\/wp-json\/wp\/v2\/pages\/264\/revisions"}],"predecessor-version":[{"id":265,"href":"https:\/\/geekpulse.shop\/de\/wp-json\/wp\/v2\/pages\/264\/revisions\/265"}],"wp:attachment":[{"href":"https:\/\/geekpulse.shop\/de\/wp-json\/wp\/v2\/media?parent=264"}],"curies":[{"name":"wp","href":"https:\/\/api.w.org\/{rel}","templated":true}]}}