{"id":3,"date":"2025-11-28T09:33:27","date_gmt":"2025-11-28T09:33:27","guid":{"rendered":"https:\/\/geek.puzb.com\/?page_id=3"},"modified":"2025-12-02T11:19:22","modified_gmt":"2025-12-02T11:19:22","slug":"privacy-policy","status":"publish","type":"page","link":"https:\/\/geekpulse.shop\/de\/privacy-policy\/","title":{"rendered":"Datenschutzrichtlinie"},"content":{"rendered":"<p><strong>Letzte Aktualisierung:<\/strong> 02\/12\/2025<\/p>\n\n\n\n<p>Willkommen bei Geek Pulse (die \u201cWebsite\u201d, \u201cwir\u201d, \u201cuns\u201d oder \u201cunser\u201d).<br>Diese Datenschutzerkl\u00e4rung erl\u00e4utert, wie wir Ihre Daten erfassen, verwenden, weitergeben und sch\u00fctzen, wenn Sie unsere Website besuchen oder mit ihr interagieren \u2013 auch \u00fcber das Kontaktformular auf unserer Kontaktseite.<\/p>\n\n\n\n<h3 class=\"wp-block-heading\">1. Informationen, die wir sammeln<\/h3>\n\n\n\n<p>Wir erfassen m\u00f6glicherweise die folgenden Arten von Informationen \u2013 entweder direkt von Ihnen bereitgestellt oder automatisch w\u00e4hrend Ihres Besuchs:<\/p>\n\n\n\n<h4 class=\"wp-block-heading\">a) Pers\u00f6nliche Daten<\/h4>\n\n\n\n<ul class=\"wp-block-list\">\n<li>Wenn Sie unser Kontaktformular nutzen oder auf anderem Wege mit uns Kontakt aufnehmen, erfassen wir m\u00f6glicherweise Informationen, die Sie freiwillig angeben: Ihren Namen, Ihre E-Mail-Adresse und alle anderen Informationen, die Sie \u00fcber diese Formulare \u00fcbermitteln.<\/li>\n\n\n\n<li>Wenn Sie einen Newsletter oder andere Aktualisierungen abonnieren (falls zutreffend), wird die von Ihnen angegebene E-Mail-Adresse (und gegebenenfalls Ihr Name) gespeichert.<\/li>\n<\/ul>\n\n\n\n<h4 class=\"wp-block-heading\">b) Nutzungsdaten \/ Nicht personenbezogene Daten<\/h4>\n\n\n\n<ul class=\"wp-block-list\">\n<li>Wir erfassen m\u00f6glicherweise automatisch bestimmte nicht-personenbezogene Daten, wenn Sie die Website besuchen. Dazu geh\u00f6ren beispielsweise Ihre IP-Adresse, Ihr Browsertyp, Ihr Ger\u00e4tetyp, Ihr Betriebssystem, die verweisende URL, die besuchten Seiten, Datum und Uhrzeit Ihres Besuchs sowie weitere Analyse- und Protokolldaten.<\/li>\n\n\n\n<li>Wir verwenden m\u00f6glicherweise Cookies oder \u00e4hnliche Tracking-Technologien, um diese Nutzungsdaten zu erfassen.<\/li>\n<\/ul>\n\n\n\n<h3 class=\"wp-block-heading\">2. Wie wir Ihre Daten verwenden<\/h3>\n\n\n\n<p>Wir k\u00f6nnen die von uns gesammelten Informationen unter anderem f\u00fcr folgende Zwecke verwenden:<\/p>\n\n\n\n<ul class=\"wp-block-list\">\n<li>Wir beantworten Ihre Anfragen oder W\u00fcnsche, die Sie \u00fcber das Kontaktformular eingereicht haben.<\/li>\n\n\n\n<li>Wir werden nur dann mit Ihnen in Kontakt treten (z. B. per E-Mail), wenn Sie uns Ihre Kontaktdaten ausdr\u00fccklich mitgeteilt haben.<\/li>\n\n\n\n<li>Verbesserung und Optimierung der Website (z. B. Analyse des Nutzerverhaltens, der besuchten Seiten und Verbesserung von Inhalten oder Leistung).<\/li>\n\n\n\n<li>\u00dcberwachung und Analyse der Nutzung und Trends, um den Nutzern einen besseren Service zu bieten.<\/li>\n\n\n\n<li>Die Einhaltung gesetzlicher Verpflichtungen oder die Durchsetzung unserer Website-Richtlinien oder -Bedingungen (sofern zutreffend).<\/li>\n<\/ul>\n\n\n\n<h3 class=\"wp-block-heading\">3. Weitergabe von Informationen \/ Dritte<\/h3>\n\n\n\n<ul class=\"wp-block-list\">\n<li>Wir tun es. <strong>nicht<\/strong> Wir werden Ihre personenbezogenen Daten nicht an Dritte verkaufen, tauschen oder anderweitig weitergeben, es sei denn, wir informieren Sie ausdr\u00fccklich dar\u00fcber.<\/li>\n\n\n\n<li>Wir k\u00f6nnen nicht-personenbezogene Nutzungsdaten (z. B. aggregierte Analysedaten) an Drittanbieter (z. B. Analysetools, Hosting-Anbieter) weitergeben, um den Betrieb und die Verbesserung der Website zu erm\u00f6glichen.<\/li>\n\n\n\n<li>Sofern dies gesetzlich vorgeschrieben ist (z. B. Vorladung, Gerichtsverfahren), k\u00f6nnen wir personenbezogene Daten offenlegen, um unseren gesetzlichen Verpflichtungen nachzukommen.<\/li>\n<\/ul>\n\n\n\n<h3 class=\"wp-block-heading\">4. Cookies und Tracking-Technologien<\/h3>\n\n\n\n<p>Wir verwenden m\u00f6glicherweise Cookies und \u00e4hnliche Tracking-Tools, um Nutzungsdaten zu erfassen und zu speichern. Cookies helfen uns beispielsweise dabei, Sitzungen zu speichern, zu verstehen, wie Besucher die Website nutzen, und Analyse- oder Leistungstools zu unterst\u00fctzen.<\/p>\n\n\n\n<p>Wenn Sie Cookies nicht m\u00f6gen, k\u00f6nnen Sie diese in Ihren Browsereinstellungen deaktivieren; dies kann jedoch Ihre Nutzung der Website beeintr\u00e4chtigen.<\/p>\n\n\n\n<h3 class=\"wp-block-heading\">5. Datensicherheit<\/h3>\n\n\n\n<p>Wir ergreifen angemessene Ma\u00dfnahmen, um die von uns gespeicherten Informationen vor unbefugtem Zugriff, Ver\u00e4nderung, Offenlegung oder Zerst\u00f6rung zu sch\u00fctzen. Allerdings ist keine Methode der Daten\u00fcbertragung oder -speicherung \u00fcber das Internet hundertprozentig sicher.<\/p>\n\n\n\n<h3 class=\"wp-block-heading\">6. Ihre Rechte<\/h3>\n\n\n\n<p>Je nach Ihrem Wohnsitz und den von Ihnen bereitgestellten Daten haben Sie m\u00f6glicherweise bestimmte Rechte in Bezug auf Ihre personenbezogenen Daten. Dazu geh\u00f6ren beispielsweise:<\/p>\n\n\n\n<ul class=\"wp-block-list\">\n<li>Das Recht auf Auskunft \u00fcber Ihre bei uns gespeicherten personenbezogenen Daten.<\/li>\n\n\n\n<li>Das Recht, die Berichtigung oder L\u00f6schung Ihrer personenbezogenen Daten zu verlangen.<\/li>\n\n\n\n<li>Das Recht, dem Erhalt weiterer Mitteilungen zu widersprechen (z. B. Newsletter abzubestellen).<\/li>\n<\/ul>\n\n\n\n<p>Wenn Sie eines dieser Rechte aus\u00fcben m\u00f6chten, kontaktieren Sie uns bitte \u00fcber die unten stehenden Kontaktdaten.<\/p>\n\n\n\n<h3 class=\"wp-block-heading\">7. \u00c4nderungen dieser Datenschutzrichtlinie<\/h3>\n\n\n\n<p>Wir k\u00f6nnen diese Datenschutzrichtlinie von Zeit zu Zeit aktualisieren. In diesem Fall aktualisieren wir das Datum der letzten Aktualisierung oben auf der Seite. Wir empfehlen Ihnen, diese Seite regelm\u00e4\u00dfig zu besuchen, um sich dar\u00fcber zu informieren, wie wir Ihre Daten sch\u00fctzen.<\/p>\n\n\n\n<p>Durch Ihre weitere Nutzung der Website nach erfolgten \u00c4nderungen erkl\u00e4ren Sie sich mit der aktualisierten Datenschutzrichtlinie einverstanden.<\/p>\n\n\n\n<h3 class=\"wp-block-heading\">8. Kontaktieren Sie uns<\/h3>\n\n\n\n<p>Wenn Sie Fragen oder Bedenken bez\u00fcglich dieser Datenschutzrichtlinie oder der Art und Weise, wie wir Ihre Daten verarbeiten, haben, k\u00f6nnen Sie uns \u00fcber die folgende Adresse kontaktieren: <strong><a href=\"https:\/\/geek.puzb.com\/contact\/\" target=\"_blank\" rel=\"noopener\">Kontaktseite<\/a><\/strong> auf unserer Website.<\/p>","protected":false},"excerpt":{"rendered":"<p>Last updated: 02\/12\/2025 Welcome to Geek Pulse (the \u201cWebsite,\u201d \u201cwe,\u201d \u201cus,\u201d or \u201cour\u201d).This Privacy Policy explains how we collect, use, [&hellip;]<\/p>","protected":false},"author":1,"featured_media":0,"parent":0,"menu_order":0,"comment_status":"closed","ping_status":"open","template":"","meta":{"_uag_custom_page_level_css":"","site-sidebar-layout":"default","site-content-layout":"","ast-site-content-layout":"default","site-content-style":"default","site-sidebar-style":"default","ast-global-header-display":"","ast-banner-title-visibility":"","ast-main-header-display":"","ast-hfb-above-header-display":"","ast-hfb-below-header-display":"","ast-hfb-mobile-header-display":"","site-post-title":"","ast-breadcrumbs-content":"","ast-featured-img":"","footer-sml-layout":"","ast-disable-related-posts":"","theme-transparent-header-meta":"","adv-header-id-meta":"","stick-header-meta":"","header-above-stick-meta":"","header-main-stick-meta":"","header-below-stick-meta":"","astra-migrate-meta-layouts":"default","ast-page-background-enabled":"default","ast-page-background-meta":{"desktop":{"background-color":"var(--ast-global-color-5)","background-image":"","background-repeat":"repeat","background-position":"center center","background-size":"auto","background-attachment":"scroll","background-type":"","background-media":"","overlay-type":"","overlay-color":"","overlay-opacity":"","overlay-gradient":""},"tablet":{"background-color":"","background-image":"","background-repeat":"repeat","background-position":"center center","background-size":"auto","background-attachment":"scroll","background-type":"","background-media":"","overlay-type":"","overlay-color":"","overlay-opacity":"","overlay-gradient":""},"mobile":{"background-color":"","background-image":"","background-repeat":"repeat","background-position":"center center","background-size":"auto","background-attachment":"scroll","background-type":"","background-media":"","overlay-type":"","overlay-color":"","overlay-opacity":"","overlay-gradient":""}},"ast-content-background-meta":{"desktop":{"background-color":"var(--ast-global-color-4)","background-image":"","background-repeat":"repeat","background-position":"center center","background-size":"auto","background-attachment":"scroll","background-type":"","background-media":"","overlay-type":"","overlay-color":"","overlay-opacity":"","overlay-gradient":""},"tablet":{"background-color":"var(--ast-global-color-4)","background-image":"","background-repeat":"repeat","background-position":"center center","background-size":"auto","background-attachment":"scroll","background-type":"","background-media":"","overlay-type":"","overlay-color":"","overlay-opacity":"","overlay-gradient":""},"mobile":{"background-color":"var(--ast-global-color-4)","background-image":"","background-repeat":"repeat","background-position":"center center","background-size":"auto","background-attachment":"scroll","background-type":"","background-media":"","overlay-type":"","overlay-color":"","overlay-opacity":"","overlay-gradient":""}},"footnotes":""},"class_list":["post-3","page","type-page","status-publish","hentry"],"spectra_custom_meta":{"_wp_page_template":["default"],"_edit_lock":["1764674364:1"],"rank_math_seo_score":["14"],"_edit_last":["1"],"_uag_css_file_name":["uag-css-3.css"],"rank_math_internal_links_processed":["1"],"_uag_page_assets":["a:9:{s:3:\"css\";s:14785:\".uag-blocks-common-selector{z-index:var(--z-index-desktop) !important}@media (max-width: 976px){.uag-blocks-common-selector{z-index:var(--z-index-tablet) !important}}@media (max-width: 767px){.uag-blocks-common-selector{z-index:var(--z-index-mobile) !important}}\n.uagb-icon-list__wrap{display:flex;align-items:flex-start;justify-content:flex-start}.wp-block-uagb-icon-list-child{padding:0;transition:all 0.2s;display:inline-flex;color:#3a3a3a;align-items:center;text-decoration:none;box-shadow:none}.wp-block-uagb-icon-list-child span.uagb-icon-list__source-wrap{display:block;align-items:center}.uagb-icon-list__source-wrap svg{display:block}.uagb-icon-list__source-image{width:40px}.uagb-icon-list__outer-wrap .uagb-icon-list__content-wrap{color:#3a3a3a;display:flex;align-items:center}\n.wp-block-uagb-icon-list-child{position:relative}.wp-block-uagb-icon-list-child>a{position:absolute;top:0;left:0;width:100%;height:100%}img.uagb-icon-list__source-image{max-width:unset}.wp-block-uagb-icon-list-child .uagb-icon-list__label{word-break:break-word}\n.wp-block-uagb-icon-list.uagb-block-554f5597 .uagb-icon-list__source-image{width: 16px;}.wp-block-uagb-icon-list.uagb-block-554f5597 .wp-block-uagb-icon-list-child .uagb-icon-list__source-wrap svg{width: 16px;height: 16px;font-size: 16px;color: var(--ast-global-color-1);fill: var(--ast-global-color-1);}.wp-block-uagb-icon-list.uagb-block-554f5597 .wp-block-uagb-icon-list-child .uagb-icon-list__source-wrap{padding: 0px;border-radius: 0px;border-width: 0px;align-self: center;}.wp-block-uagb-icon-list.uagb-block-554f5597 .wp-block-uagb-icon-list-child .uagb-icon-list__label{text-decoration: !important;line-height: em;}.wp-block-uagb-icon-list.uagb-block-554f5597 .uagb-icon-list__wrap{display: flex;flex-direction: column;justify-content: center;-webkit-box-pack: center;-ms-flex-pack: center;-webkit-box-align: flex-start;-ms-flex-align: flex-start;align-items: flex-start;}.wp-block-uagb-icon-list.uagb-block-554f5597 .uagb-icon-list__label{text-align: left;}.wp-block-uagb-icon-list.uagb-block-554f5597 .wp-block-uagb-icon-list-child{text-decoration: !important;line-height: em;}.wp-block-uagb-icon-list.uagb-block-554f5597.wp-block-uagb-icon-list .wp-block-uagb-icon-list-child{margin-left: 0;margin-right: 0;margin-bottom: 10px;}.wp-block-uagb-icon-list.uagb-block-554f5597 .uagb-icon-list__source-wrap{margin-right: 15px;}.uagb-block-43e7b511.wp-block-uagb-icon-list-child .uagb-icon-list__label{color: var(--ast-global-color-0) !important;}.uagb-block-43e7b511.wp-block-uagb-icon-list-child .uagb-icon-list__source-wrap{background:  !important;border-color:  !important;}.uagb-block-43e7b511.wp-block-uagb-icon-list-child:hover .uagb-icon-list__source-wrap{background:  !important;border-color:  !important;}.uagb-block-f01f2a89.wp-block-uagb-icon-list-child .uagb-icon-list__label{color: var(--ast-global-color-0) !important;}.uagb-block-f01f2a89.wp-block-uagb-icon-list-child .uagb-icon-list__source-wrap{background:  !important;border-color:  !important;}.uagb-block-f01f2a89.wp-block-uagb-icon-list-child:hover .uagb-icon-list__source-wrap{background:  !important;border-color:  !important;}.uagb-block-82f05ac5.wp-block-uagb-icon-list-child .uagb-icon-list__label{color: var(--ast-global-color-0) !important;}.uagb-block-82f05ac5.wp-block-uagb-icon-list-child .uagb-icon-list__source-wrap{background:  !important;border-color:  !important;}.uagb-block-82f05ac5.wp-block-uagb-icon-list-child:hover .uagb-icon-list__source-wrap{background:  !important;border-color:  !important;}.uagb-block-82f05ac5.wp-block-uagb-icon-list-child .uagb-icon-list__label{color: var(--ast-global-color-0) !important;}.uagb-block-82f05ac5.wp-block-uagb-icon-list-child .uagb-icon-list__source-wrap{background:  !important;border-color:  !important;}.uagb-block-82f05ac5.wp-block-uagb-icon-list-child:hover .uagb-icon-list__source-wrap{background:  !important;border-color:  !important;}@media only screen and (max-width: 976px) {.wp-block-uagb-icon-list.uagb-block-554f5597 .uagb-icon-list__source-image{width: 16px;}.wp-block-uagb-icon-list.uagb-block-554f5597 .wp-block-uagb-icon-list-child .uagb-icon-list__source-wrap svg{width: 16px;height: 16px;font-size: 16px;}.wp-block-uagb-icon-list.uagb-block-554f5597 .wp-block-uagb-icon-list-child .uagb-icon-list__source-wrap {padding: 0px;border-width: 0px;align-self: center;}.wp-block-uagb-icon-list.uagb-block-554f5597 .uagb-icon-list__wrap{display: flex;flex-direction: column;justify-content: center;-webkit-box-pack: center;-ms-flex-pack: center;-webkit-box-align: flex-start;-ms-flex-align: flex-start;align-items: flex-start;}.wp-block-uagb-icon-list.uagb-block-554f5597.wp-block-uagb-icon-list .wp-block-uagb-icon-list-child{margin-left: 0;margin-right: 0;margin-bottom: 10px;}}@media only screen and (max-width: 767px) {.wp-block-uagb-icon-list.uagb-block-554f5597 .uagb-icon-list__source-image{width: 16px;}.wp-block-uagb-icon-list.uagb-block-554f5597 .wp-block-uagb-icon-list-child .uagb-icon-list__source-wrap svg{width: 16px;height: 16px;font-size: 16px;}.wp-block-uagb-icon-list.uagb-block-554f5597 .wp-block-uagb-icon-list-child .uagb-icon-list__source-wrap{padding: 0px;border-width: 0px;align-self: center;}.wp-block-uagb-icon-list.uagb-block-554f5597 .uagb-icon-list__wrap{display: flex;flex-direction: column;justify-content: center;-webkit-box-pack: center;-ms-flex-pack: center;-webkit-box-align: flex-start;-ms-flex-align: flex-start;align-items: flex-start;}.wp-block-uagb-icon-list.uagb-block-554f5597.wp-block-uagb-icon-list .wp-block-uagb-icon-list-child{margin-left: 0;margin-right: 0;margin-bottom: 10px;}}.wp-block-uagb-icon-list.uagb-block-554f5597 .uagb-icon-list__source-image{width: 16px;}.wp-block-uagb-icon-list.uagb-block-554f5597 .wp-block-uagb-icon-list-child .uagb-icon-list__source-wrap svg{width: 16px;height: 16px;font-size: 16px;color: var(--ast-global-color-1);fill: var(--ast-global-color-1);}.wp-block-uagb-icon-list.uagb-block-554f5597 .wp-block-uagb-icon-list-child .uagb-icon-list__source-wrap{padding: 0px;border-radius: 0px;border-width: 0px;align-self: center;}.wp-block-uagb-icon-list.uagb-block-554f5597 .wp-block-uagb-icon-list-child .uagb-icon-list__label{text-decoration: !important;line-height: em;}.wp-block-uagb-icon-list.uagb-block-554f5597 .uagb-icon-list__wrap{display: flex;flex-direction: column;justify-content: center;-webkit-box-pack: center;-ms-flex-pack: center;-webkit-box-align: flex-start;-ms-flex-align: flex-start;align-items: flex-start;}.wp-block-uagb-icon-list.uagb-block-554f5597 .uagb-icon-list__label{text-align: left;}.wp-block-uagb-icon-list.uagb-block-554f5597 .wp-block-uagb-icon-list-child{text-decoration: !important;line-height: em;}.wp-block-uagb-icon-list.uagb-block-554f5597.wp-block-uagb-icon-list .wp-block-uagb-icon-list-child{margin-left: 0;margin-right: 0;margin-bottom: 10px;}.wp-block-uagb-icon-list.uagb-block-554f5597 .uagb-icon-list__source-wrap{margin-right: 15px;}.uagb-block-43e7b511.wp-block-uagb-icon-list-child .uagb-icon-list__label{color: var(--ast-global-color-0) !important;}.uagb-block-43e7b511.wp-block-uagb-icon-list-child .uagb-icon-list__source-wrap{background:  !important;border-color:  !important;}.uagb-block-43e7b511.wp-block-uagb-icon-list-child:hover .uagb-icon-list__source-wrap{background:  !important;border-color:  !important;}.uagb-block-f01f2a89.wp-block-uagb-icon-list-child .uagb-icon-list__label{color: var(--ast-global-color-0) !important;}.uagb-block-f01f2a89.wp-block-uagb-icon-list-child .uagb-icon-list__source-wrap{background:  !important;border-color:  !important;}.uagb-block-f01f2a89.wp-block-uagb-icon-list-child:hover .uagb-icon-list__source-wrap{background:  !important;border-color:  !important;}.uagb-block-82f05ac5.wp-block-uagb-icon-list-child .uagb-icon-list__label{color: var(--ast-global-color-0) !important;}.uagb-block-82f05ac5.wp-block-uagb-icon-list-child .uagb-icon-list__source-wrap{background:  !important;border-color:  !important;}.uagb-block-82f05ac5.wp-block-uagb-icon-list-child:hover .uagb-icon-list__source-wrap{background:  !important;border-color:  !important;}.uagb-block-82f05ac5.wp-block-uagb-icon-list-child .uagb-icon-list__label{color: var(--ast-global-color-0) !important;}.uagb-block-82f05ac5.wp-block-uagb-icon-list-child .uagb-icon-list__source-wrap{background:  !important;border-color:  !important;}.uagb-block-82f05ac5.wp-block-uagb-icon-list-child:hover .uagb-icon-list__source-wrap{background:  !important;border-color:  !important;}@media only screen and (max-width: 976px) {.wp-block-uagb-icon-list.uagb-block-554f5597 .uagb-icon-list__source-image{width: 16px;}.wp-block-uagb-icon-list.uagb-block-554f5597 .wp-block-uagb-icon-list-child .uagb-icon-list__source-wrap svg{width: 16px;height: 16px;font-size: 16px;}.wp-block-uagb-icon-list.uagb-block-554f5597 .wp-block-uagb-icon-list-child .uagb-icon-list__source-wrap {padding: 0px;border-width: 0px;align-self: center;}.wp-block-uagb-icon-list.uagb-block-554f5597 .uagb-icon-list__wrap{display: flex;flex-direction: column;justify-content: center;-webkit-box-pack: center;-ms-flex-pack: center;-webkit-box-align: flex-start;-ms-flex-align: flex-start;align-items: flex-start;}.wp-block-uagb-icon-list.uagb-block-554f5597.wp-block-uagb-icon-list .wp-block-uagb-icon-list-child{margin-left: 0;margin-right: 0;margin-bottom: 10px;}}@media only screen and (max-width: 767px) {.wp-block-uagb-icon-list.uagb-block-554f5597 .uagb-icon-list__source-image{width: 16px;}.wp-block-uagb-icon-list.uagb-block-554f5597 .wp-block-uagb-icon-list-child .uagb-icon-list__source-wrap svg{width: 16px;height: 16px;font-size: 16px;}.wp-block-uagb-icon-list.uagb-block-554f5597 .wp-block-uagb-icon-list-child .uagb-icon-list__source-wrap{padding: 0px;border-width: 0px;align-self: center;}.wp-block-uagb-icon-list.uagb-block-554f5597 .uagb-icon-list__wrap{display: flex;flex-direction: column;justify-content: center;-webkit-box-pack: center;-ms-flex-pack: center;-webkit-box-align: flex-start;-ms-flex-align: flex-start;align-items: flex-start;}.wp-block-uagb-icon-list.uagb-block-554f5597.wp-block-uagb-icon-list .wp-block-uagb-icon-list-child{margin-left: 0;margin-right: 0;margin-bottom: 10px;}}.wp-block-uagb-icon-list.uagb-block-554f5597 .uagb-icon-list__source-image{width: 16px;}.wp-block-uagb-icon-list.uagb-block-554f5597 .wp-block-uagb-icon-list-child .uagb-icon-list__source-wrap svg{width: 16px;height: 16px;font-size: 16px;color: var(--ast-global-color-1);fill: var(--ast-global-color-1);}.wp-block-uagb-icon-list.uagb-block-554f5597 .wp-block-uagb-icon-list-child .uagb-icon-list__source-wrap{padding: 0px;border-radius: 0px;border-width: 0px;align-self: center;}.wp-block-uagb-icon-list.uagb-block-554f5597 .wp-block-uagb-icon-list-child .uagb-icon-list__label{text-decoration: !important;line-height: em;}.wp-block-uagb-icon-list.uagb-block-554f5597 .uagb-icon-list__wrap{display: flex;flex-direction: column;justify-content: center;-webkit-box-pack: center;-ms-flex-pack: center;-webkit-box-align: flex-start;-ms-flex-align: flex-start;align-items: flex-start;}.wp-block-uagb-icon-list.uagb-block-554f5597 .uagb-icon-list__label{text-align: left;}.wp-block-uagb-icon-list.uagb-block-554f5597 .wp-block-uagb-icon-list-child{text-decoration: !important;line-height: em;}.wp-block-uagb-icon-list.uagb-block-554f5597.wp-block-uagb-icon-list .wp-block-uagb-icon-list-child{margin-left: 0;margin-right: 0;margin-bottom: 10px;}.wp-block-uagb-icon-list.uagb-block-554f5597 .uagb-icon-list__source-wrap{margin-right: 15px;}.uagb-block-43e7b511.wp-block-uagb-icon-list-child .uagb-icon-list__label{color: var(--ast-global-color-0) !important;}.uagb-block-43e7b511.wp-block-uagb-icon-list-child .uagb-icon-list__source-wrap{background:  !important;border-color:  !important;}.uagb-block-43e7b511.wp-block-uagb-icon-list-child:hover .uagb-icon-list__source-wrap{background:  !important;border-color:  !important;}.uagb-block-f01f2a89.wp-block-uagb-icon-list-child .uagb-icon-list__label{color: var(--ast-global-color-0) !important;}.uagb-block-f01f2a89.wp-block-uagb-icon-list-child .uagb-icon-list__source-wrap{background:  !important;border-color:  !important;}.uagb-block-f01f2a89.wp-block-uagb-icon-list-child:hover .uagb-icon-list__source-wrap{background:  !important;border-color:  !important;}.uagb-block-82f05ac5.wp-block-uagb-icon-list-child .uagb-icon-list__label{color: var(--ast-global-color-0) !important;}.uagb-block-82f05ac5.wp-block-uagb-icon-list-child .uagb-icon-list__source-wrap{background:  !important;border-color:  !important;}.uagb-block-82f05ac5.wp-block-uagb-icon-list-child:hover .uagb-icon-list__source-wrap{background:  !important;border-color:  !important;}.uagb-block-82f05ac5.wp-block-uagb-icon-list-child .uagb-icon-list__label{color: var(--ast-global-color-0) !important;}.uagb-block-82f05ac5.wp-block-uagb-icon-list-child .uagb-icon-list__source-wrap{background:  !important;border-color:  !important;}.uagb-block-82f05ac5.wp-block-uagb-icon-list-child:hover .uagb-icon-list__source-wrap{background:  !important;border-color:  !important;}@media only screen and (max-width: 976px) {.wp-block-uagb-icon-list.uagb-block-554f5597 .uagb-icon-list__source-image{width: 16px;}.wp-block-uagb-icon-list.uagb-block-554f5597 .wp-block-uagb-icon-list-child .uagb-icon-list__source-wrap svg{width: 16px;height: 16px;font-size: 16px;}.wp-block-uagb-icon-list.uagb-block-554f5597 .wp-block-uagb-icon-list-child .uagb-icon-list__source-wrap {padding: 0px;border-width: 0px;align-self: center;}.wp-block-uagb-icon-list.uagb-block-554f5597 .uagb-icon-list__wrap{display: flex;flex-direction: column;justify-content: center;-webkit-box-pack: center;-ms-flex-pack: center;-webkit-box-align: flex-start;-ms-flex-align: flex-start;align-items: flex-start;}.wp-block-uagb-icon-list.uagb-block-554f5597.wp-block-uagb-icon-list .wp-block-uagb-icon-list-child{margin-left: 0;margin-right: 0;margin-bottom: 10px;}}@media only screen and (max-width: 767px) {.wp-block-uagb-icon-list.uagb-block-554f5597 .uagb-icon-list__source-image{width: 16px;}.wp-block-uagb-icon-list.uagb-block-554f5597 .wp-block-uagb-icon-list-child .uagb-icon-list__source-wrap svg{width: 16px;height: 16px;font-size: 16px;}.wp-block-uagb-icon-list.uagb-block-554f5597 .wp-block-uagb-icon-list-child .uagb-icon-list__source-wrap{padding: 0px;border-width: 0px;align-self: center;}.wp-block-uagb-icon-list.uagb-block-554f5597 .uagb-icon-list__wrap{display: flex;flex-direction: column;justify-content: center;-webkit-box-pack: center;-ms-flex-pack: center;-webkit-box-align: flex-start;-ms-flex-align: flex-start;align-items: flex-start;}.wp-block-uagb-icon-list.uagb-block-554f5597.wp-block-uagb-icon-list .wp-block-uagb-icon-list-child{margin-left: 0;margin-right: 0;margin-bottom: 10px;}}\";s:2:\"js\";s:0:\"\";s:18:\"current_block_list\";a:13:{i:0;s:14:\"core\/paragraph\";i:1;s:12:\"core\/heading\";i:2;s:9:\"core\/list\";i:3;s:14:\"core\/list-item\";i:4;s:11:\"core\/search\";i:5;s:10:\"core\/group\";i:6;s:17:\"core\/latest-posts\";i:7;s:20:\"core\/latest-comments\";i:8;s:13:\"core\/archives\";i:9;s:15:\"core\/categories\";i:10;s:10:\"core\/image\";i:11;s:14:\"uagb\/icon-list\";i:12;s:20:\"uagb\/icon-list-child\";}s:8:\"uag_flag\";b:1;s:11:\"uag_version\";s:10:\"1775424217\";s:6:\"gfonts\";a:0:{}s:10:\"gfonts_url\";s:0:\"\";s:12:\"gfonts_files\";a:0:{}s:14:\"uag_faq_layout\";b:0;}"]},"uagb_featured_image_src":{"full":false,"thumbnail":false,"medium":false,"medium_large":false,"large":false,"1536x1536":false,"2048x2048":false,"trp-custom-language-flag":false,"woocommerce_thumbnail":false,"woocommerce_single":false,"woocommerce_gallery_thumbnail":false},"uagb_author_info":{"display_name":"seo","author_link":"https:\/\/geekpulse.shop\/de\/author\/seo\/"},"uagb_comment_info":0,"uagb_excerpt":"Last updated: 02\/12\/2025 Welcome to Geek Pulse (the \u201cWebsite,\u201d \u201cwe,\u201d \u201cus,\u201d or \u201cour\u201d).This Privacy Policy explains how we collect, use, [&hellip;]","_links":{"self":[{"href":"https:\/\/geekpulse.shop\/de\/wp-json\/wp\/v2\/pages\/3","targetHints":{"allow":["GET"]}}],"collection":[{"href":"https:\/\/geekpulse.shop\/de\/wp-json\/wp\/v2\/pages"}],"about":[{"href":"https:\/\/geekpulse.shop\/de\/wp-json\/wp\/v2\/types\/page"}],"author":[{"embeddable":true,"href":"https:\/\/geekpulse.shop\/de\/wp-json\/wp\/v2\/users\/1"}],"replies":[{"embeddable":true,"href":"https:\/\/geekpulse.shop\/de\/wp-json\/wp\/v2\/comments?post=3"}],"version-history":[{"count":1,"href":"https:\/\/geekpulse.shop\/de\/wp-json\/wp\/v2\/pages\/3\/revisions"}],"predecessor-version":[{"id":266,"href":"https:\/\/geekpulse.shop\/de\/wp-json\/wp\/v2\/pages\/3\/revisions\/266"}],"wp:attachment":[{"href":"https:\/\/geekpulse.shop\/de\/wp-json\/wp\/v2\/media?parent=3"}],"curies":[{"name":"wp","href":"https:\/\/api.w.org\/{rel}","templated":true}]}}