{"id":120,"date":"2025-11-29T06:50:40","date_gmt":"2025-11-29T06:50:40","guid":{"rendered":"https:\/\/geek.puzb.com\/?post_type=product&#038;p=120"},"modified":"2025-12-12T06:14:52","modified_gmt":"2025-12-12T06:14:52","slug":"peach-ice-disposable-vape","status":"publish","type":"product","link":"https:\/\/geekpulse.shop\/de\/produkt\/peach-ice-disposable-vape\/","title":{"rendered":"Geek Pulse Premium Einweg-E-Zigarette | Pfirsich-Eis"},"content":{"rendered":"<p class=\"ds-markdown-paragraph\">Genie\u00dfen Sie die saftige Essenz des Sommers mit der Geek Pulse Premium Einweg-E-Zigarette. <strong>Peach Ice Einweg-E-Zigarette<\/strong>. Dieses Aroma f\u00e4ngt die lebendige, sonnengereifte S\u00fc\u00dfe frisch gepfl\u00fcckter Pfirsiche ein und bietet ein saftiges und authentisches Fruchtprofil, das vom ersten Zug an den Gaumen verw\u00f6hnt. Jeder Zug l\u00e4sst Sie in den \u00fcppigen, samtigen Geschmack reifer Pfirsiche eintauchen und weckt das Gef\u00fchl, in eine perfekt s\u00fc\u00dfe und leicht s\u00e4uerliche Frucht auf dem H\u00f6hepunkt ihrer Frische zu bei\u00dfen.<\/p>\n<p class=\"ds-markdown-paragraph\">W\u00e4hrend der intensive Pfirsichgeschmack Ihre Sinne umh\u00fcllt, gleitet eine erfrischende Welle eisiger K\u00fchle \u00fcber Ihren Gaumen. Diese perfekt abgestimmte K\u00fchle \u00fcberdeckt nicht die nat\u00fcrliche S\u00fc\u00dfe der Frucht, sondern hebt sie hervor, mildert ihre Konturen und verst\u00e4rkt den saftigen Charakter des Pfirsichs. Das Ergebnis ist eine perfekt ausbalancierte Harmonie von Geschmack und Frische \u2013 ein s\u00fc\u00dfes, aromatisches Pfirsichprofil, erg\u00e4nzt durch eine klare, belebende K\u00fchle, die beim Ausatmen angenehm nachklingt. Dieser Geschmack wurde f\u00fcr den Genuss den ganzen Tag \u00fcber entwickelt und vereint den Komfort eines klassischen Fruchtgeschmacks mit dem aufregenden Nervenkitzel eines eisigen Abgangs. Im fortschrittlichen Geek Pulse Ger\u00e4t sorgt Peach Ice f\u00fcr eine gleichm\u00e4\u00dfige, kraftvolle Dampfproduktion und einen befriedigenden Nikotinsalz-Kick (5%). Damit ist es die unwiderstehliche Wahl f\u00fcr alle, die sich nach fruchtigem Geschmack mit einer erfrischenden, k\u00fchlen Note sehnen.<\/p>\n<p><img loading=\"lazy\" decoding=\"async\" class=\"alignnone wp-image-104 size-full\" src=\"https:\/\/geek.puzb.com\/wp-content\/uploads\/2025\/11\/1240508046506e3cb13ab70b8b1b13e-min-scaled.png\" alt=\"\" width=\"1421\" height=\"2560\" srcset=\"https:\/\/geekpulse.shop\/wp-content\/uploads\/2025\/11\/1240508046506e3cb13ab70b8b1b13e-min-scaled.png 1421w, https:\/\/geekpulse.shop\/wp-content\/uploads\/2025\/11\/1240508046506e3cb13ab70b8b1b13e-min-scaled-1200x2162.png 1200w, https:\/\/geekpulse.shop\/wp-content\/uploads\/2025\/11\/1240508046506e3cb13ab70b8b1b13e-min-167x300.png 167w, https:\/\/geekpulse.shop\/wp-content\/uploads\/2025\/11\/1240508046506e3cb13ab70b8b1b13e-min-568x1024.png 568w, https:\/\/geekpulse.shop\/wp-content\/uploads\/2025\/11\/1240508046506e3cb13ab70b8b1b13e-min-768x1384.png 768w, https:\/\/geekpulse.shop\/wp-content\/uploads\/2025\/11\/1240508046506e3cb13ab70b8b1b13e-min-853x1536.png 853w, https:\/\/geekpulse.shop\/wp-content\/uploads\/2025\/11\/1240508046506e3cb13ab70b8b1b13e-min-1137x2048.png 1137w\" sizes=\"auto, (max-width: 1421px) 100vw, 1421px\" \/><\/p>","protected":false},"excerpt":{"rendered":"<p class=\"ds-markdown-paragraph\">Klassische Coolness mit einem tropischen Touch. Geek Pulse <strong>Peach Ice Einweg-E-Zigarette<\/strong> Die knackige, erfrischende K\u00fchle der Minze wird mit einem subtilen Hauch tropischer Zitrusfr\u00fcchte kombiniert, wodurch ein einzigartig lebendiges und belebendes Dampferlebnis entsteht.<\/p>","protected":false},"featured_media":121,"template":"","meta":{"_uag_custom_page_level_css":"","site-sidebar-layout":"default","site-content-layout":"","ast-site-content-layout":"default","site-content-style":"default","site-sidebar-style":"default","ast-global-header-display":"","ast-banner-title-visibility":"","ast-main-header-display":"","ast-hfb-above-header-display":"","ast-hfb-below-header-display":"","ast-hfb-mobile-header-display":"","site-post-title":"","ast-breadcrumbs-content":"","ast-featured-img":"","footer-sml-layout":"","ast-disable-related-posts":"","theme-transparent-header-meta":"default","adv-header-id-meta":"","stick-header-meta":"default","header-above-stick-meta":"","header-main-stick-meta":"","header-below-stick-meta":"","astra-migrate-meta-layouts":"set","ast-page-background-enabled":"default","ast-page-background-meta":{"desktop":{"background-color":"var(--ast-global-color-5)","background-image":"","background-repeat":"repeat","background-position":"center center","background-size":"auto","background-attachment":"scroll","background-type":"","background-media":"","overlay-type":"","overlay-color":"","overlay-opacity":"","overlay-gradient":""},"tablet":{"background-color":"","background-image":"","background-repeat":"repeat","background-position":"center center","background-size":"auto","background-attachment":"scroll","background-type":"","background-media":"","overlay-type":"","overlay-color":"","overlay-opacity":"","overlay-gradient":""},"mobile":{"background-color":"","background-image":"","background-repeat":"repeat","background-position":"center center","background-size":"auto","background-attachment":"scroll","background-type":"","background-media":"","overlay-type":"","overlay-color":"","overlay-opacity":"","overlay-gradient":""}},"ast-content-background-meta":{"desktop":{"background-color":"var(--ast-global-color-4)","background-image":"","background-repeat":"repeat","background-position":"center center","background-size":"auto","background-attachment":"scroll","background-type":"","background-media":"","overlay-type":"","overlay-color":"","overlay-opacity":"","overlay-gradient":""},"tablet":{"background-color":"var(--ast-global-color-4)","background-image":"","background-repeat":"repeat","background-position":"center center","background-size":"auto","background-attachment":"scroll","background-type":"","background-media":"","overlay-type":"","overlay-color":"","overlay-opacity":"","overlay-gradient":""},"mobile":{"background-color":"var(--ast-global-color-4)","background-image":"","background-repeat":"repeat","background-position":"center center","background-size":"auto","background-attachment":"scroll","background-type":"","background-media":"","overlay-type":"","overlay-color":"","overlay-opacity":"","overlay-gradient":""}}},"product_brand":[],"product_cat":[18],"product_tag":[],"class_list":{"0":"post-120","1":"product","2":"type-product","3":"status-publish","4":"has-post-thumbnail","6":"product_cat-geek-pulse-products","7":"desktop-align-center","8":"tablet-align-left","9":"mobile-align-center","10":"ast-product-gallery-layout-horizontal-slider","11":"ast-product-gallery-with-no-image","12":"ast-product-tabs-layout-horizontal","14":"first","15":"instock","16":"shipping-taxable","17":"purchasable","18":"product-type-simple"},"spectra_custom_meta":{"_regular_price":["19.99"],"total_sales":["0"],"_tax_status":["taxable"],"_tax_class":[""],"_manage_stock":["no"],"_backorders":["no"],"_sold_individually":["no"],"_virtual":["no"],"_downloadable":["no"],"_download_limit":["-1"],"_download_expiry":["-1"],"_thumbnail_id":["121"],"_stock":[null],"_stock_status":["instock"],"_wc_average_rating":["0"],"_wc_review_count":["0"],"_product_version":["10.4.0"],"_price":["19.99"],"site-sidebar-layout":["default"],"ast-site-content-layout":["default"],"site-content-style":["default"],"site-sidebar-style":["default"],"theme-transparent-header-meta":["default"],"stick-header-meta":["default"],"_edit_lock":["1765519979:1"],"_edit_last":["1"],"rank_math_seo_score":["81"],"rank_math_contentai_score":["a:5:{s:8:\"keywords\";s:5:\"74.51\";s:9:\"wordCount\";s:1:\"0\";s:9:\"linkCount\";s:1:\"0\";s:12:\"headingCount\";s:1:\"0\";s:10:\"mediaCount\";s:1:\"0\";}"],"rank_math_primary_product_brand":["0"],"rank_math_primary_product_cat":["18"],"_wp_old_slug":["geek-pulse-premium-disposable-vape-peach-ice"],"rank_math_title":["Best Peach Ice Disposable Vape - China DTC | Geek Pulse"],"rank_math_description":["Sweet peach with a cool icy finish \u2014 enjoy Geek Pulse Peach Ice disposable vape, premium flavor and wholesale ready. Buy now on Geek Pulse !"],"rank_math_focus_keyword":["Peach Ice disposable vape"],"astra-migrate-meta-layouts":["set"],"_uag_css_file_name":["uag-css-120.css"],"rank_math_internal_links_processed":["1"],"_uag_page_assets":["a:9:{s:3:\"css\";s:14785:\".uag-blocks-common-selector{z-index:var(--z-index-desktop) !important}@media (max-width: 976px){.uag-blocks-common-selector{z-index:var(--z-index-tablet) !important}}@media (max-width: 767px){.uag-blocks-common-selector{z-index:var(--z-index-mobile) !important}}\n.uagb-icon-list__wrap{display:flex;align-items:flex-start;justify-content:flex-start}.wp-block-uagb-icon-list-child{padding:0;transition:all 0.2s;display:inline-flex;color:#3a3a3a;align-items:center;text-decoration:none;box-shadow:none}.wp-block-uagb-icon-list-child span.uagb-icon-list__source-wrap{display:block;align-items:center}.uagb-icon-list__source-wrap svg{display:block}.uagb-icon-list__source-image{width:40px}.uagb-icon-list__outer-wrap .uagb-icon-list__content-wrap{color:#3a3a3a;display:flex;align-items:center}\n.wp-block-uagb-icon-list-child{position:relative}.wp-block-uagb-icon-list-child>a{position:absolute;top:0;left:0;width:100%;height:100%}img.uagb-icon-list__source-image{max-width:unset}.wp-block-uagb-icon-list-child .uagb-icon-list__label{word-break:break-word}\n.wp-block-uagb-icon-list.uagb-block-554f5597 .uagb-icon-list__source-image{width: 16px;}.wp-block-uagb-icon-list.uagb-block-554f5597 .wp-block-uagb-icon-list-child .uagb-icon-list__source-wrap svg{width: 16px;height: 16px;font-size: 16px;color: var(--ast-global-color-1);fill: var(--ast-global-color-1);}.wp-block-uagb-icon-list.uagb-block-554f5597 .wp-block-uagb-icon-list-child .uagb-icon-list__source-wrap{padding: 0px;border-radius: 0px;border-width: 0px;align-self: center;}.wp-block-uagb-icon-list.uagb-block-554f5597 .wp-block-uagb-icon-list-child .uagb-icon-list__label{text-decoration: !important;line-height: em;}.wp-block-uagb-icon-list.uagb-block-554f5597 .uagb-icon-list__wrap{display: flex;flex-direction: column;justify-content: center;-webkit-box-pack: center;-ms-flex-pack: center;-webkit-box-align: flex-start;-ms-flex-align: flex-start;align-items: flex-start;}.wp-block-uagb-icon-list.uagb-block-554f5597 .uagb-icon-list__label{text-align: left;}.wp-block-uagb-icon-list.uagb-block-554f5597 .wp-block-uagb-icon-list-child{text-decoration: !important;line-height: em;}.wp-block-uagb-icon-list.uagb-block-554f5597.wp-block-uagb-icon-list .wp-block-uagb-icon-list-child{margin-left: 0;margin-right: 0;margin-bottom: 10px;}.wp-block-uagb-icon-list.uagb-block-554f5597 .uagb-icon-list__source-wrap{margin-right: 15px;}.uagb-block-43e7b511.wp-block-uagb-icon-list-child .uagb-icon-list__label{color: var(--ast-global-color-0) !important;}.uagb-block-43e7b511.wp-block-uagb-icon-list-child .uagb-icon-list__source-wrap{background:  !important;border-color:  !important;}.uagb-block-43e7b511.wp-block-uagb-icon-list-child:hover .uagb-icon-list__source-wrap{background:  !important;border-color:  !important;}.uagb-block-f01f2a89.wp-block-uagb-icon-list-child .uagb-icon-list__label{color: var(--ast-global-color-0) !important;}.uagb-block-f01f2a89.wp-block-uagb-icon-list-child .uagb-icon-list__source-wrap{background:  !important;border-color:  !important;}.uagb-block-f01f2a89.wp-block-uagb-icon-list-child:hover .uagb-icon-list__source-wrap{background:  !important;border-color:  !important;}.uagb-block-82f05ac5.wp-block-uagb-icon-list-child .uagb-icon-list__label{color: var(--ast-global-color-0) !important;}.uagb-block-82f05ac5.wp-block-uagb-icon-list-child .uagb-icon-list__source-wrap{background:  !important;border-color:  !important;}.uagb-block-82f05ac5.wp-block-uagb-icon-list-child:hover .uagb-icon-list__source-wrap{background:  !important;border-color:  !important;}.uagb-block-82f05ac5.wp-block-uagb-icon-list-child .uagb-icon-list__label{color: var(--ast-global-color-0) !important;}.uagb-block-82f05ac5.wp-block-uagb-icon-list-child .uagb-icon-list__source-wrap{background:  !important;border-color:  !important;}.uagb-block-82f05ac5.wp-block-uagb-icon-list-child:hover .uagb-icon-list__source-wrap{background:  !important;border-color:  !important;}@media only screen and (max-width: 976px) {.wp-block-uagb-icon-list.uagb-block-554f5597 .uagb-icon-list__source-image{width: 16px;}.wp-block-uagb-icon-list.uagb-block-554f5597 .wp-block-uagb-icon-list-child .uagb-icon-list__source-wrap svg{width: 16px;height: 16px;font-size: 16px;}.wp-block-uagb-icon-list.uagb-block-554f5597 .wp-block-uagb-icon-list-child .uagb-icon-list__source-wrap {padding: 0px;border-width: 0px;align-self: center;}.wp-block-uagb-icon-list.uagb-block-554f5597 .uagb-icon-list__wrap{display: flex;flex-direction: column;justify-content: center;-webkit-box-pack: center;-ms-flex-pack: center;-webkit-box-align: flex-start;-ms-flex-align: flex-start;align-items: flex-start;}.wp-block-uagb-icon-list.uagb-block-554f5597.wp-block-uagb-icon-list .wp-block-uagb-icon-list-child{margin-left: 0;margin-right: 0;margin-bottom: 10px;}}@media only screen and (max-width: 767px) {.wp-block-uagb-icon-list.uagb-block-554f5597 .uagb-icon-list__source-image{width: 16px;}.wp-block-uagb-icon-list.uagb-block-554f5597 .wp-block-uagb-icon-list-child .uagb-icon-list__source-wrap svg{width: 16px;height: 16px;font-size: 16px;}.wp-block-uagb-icon-list.uagb-block-554f5597 .wp-block-uagb-icon-list-child .uagb-icon-list__source-wrap{padding: 0px;border-width: 0px;align-self: center;}.wp-block-uagb-icon-list.uagb-block-554f5597 .uagb-icon-list__wrap{display: flex;flex-direction: column;justify-content: center;-webkit-box-pack: center;-ms-flex-pack: center;-webkit-box-align: flex-start;-ms-flex-align: flex-start;align-items: flex-start;}.wp-block-uagb-icon-list.uagb-block-554f5597.wp-block-uagb-icon-list .wp-block-uagb-icon-list-child{margin-left: 0;margin-right: 0;margin-bottom: 10px;}}.wp-block-uagb-icon-list.uagb-block-554f5597 .uagb-icon-list__source-image{width: 16px;}.wp-block-uagb-icon-list.uagb-block-554f5597 .wp-block-uagb-icon-list-child .uagb-icon-list__source-wrap svg{width: 16px;height: 16px;font-size: 16px;color: var(--ast-global-color-1);fill: var(--ast-global-color-1);}.wp-block-uagb-icon-list.uagb-block-554f5597 .wp-block-uagb-icon-list-child .uagb-icon-list__source-wrap{padding: 0px;border-radius: 0px;border-width: 0px;align-self: center;}.wp-block-uagb-icon-list.uagb-block-554f5597 .wp-block-uagb-icon-list-child .uagb-icon-list__label{text-decoration: !important;line-height: em;}.wp-block-uagb-icon-list.uagb-block-554f5597 .uagb-icon-list__wrap{display: flex;flex-direction: column;justify-content: center;-webkit-box-pack: center;-ms-flex-pack: center;-webkit-box-align: flex-start;-ms-flex-align: flex-start;align-items: flex-start;}.wp-block-uagb-icon-list.uagb-block-554f5597 .uagb-icon-list__label{text-align: left;}.wp-block-uagb-icon-list.uagb-block-554f5597 .wp-block-uagb-icon-list-child{text-decoration: !important;line-height: em;}.wp-block-uagb-icon-list.uagb-block-554f5597.wp-block-uagb-icon-list .wp-block-uagb-icon-list-child{margin-left: 0;margin-right: 0;margin-bottom: 10px;}.wp-block-uagb-icon-list.uagb-block-554f5597 .uagb-icon-list__source-wrap{margin-right: 15px;}.uagb-block-43e7b511.wp-block-uagb-icon-list-child .uagb-icon-list__label{color: var(--ast-global-color-0) !important;}.uagb-block-43e7b511.wp-block-uagb-icon-list-child .uagb-icon-list__source-wrap{background:  !important;border-color:  !important;}.uagb-block-43e7b511.wp-block-uagb-icon-list-child:hover .uagb-icon-list__source-wrap{background:  !important;border-color:  !important;}.uagb-block-f01f2a89.wp-block-uagb-icon-list-child .uagb-icon-list__label{color: var(--ast-global-color-0) !important;}.uagb-block-f01f2a89.wp-block-uagb-icon-list-child .uagb-icon-list__source-wrap{background:  !important;border-color:  !important;}.uagb-block-f01f2a89.wp-block-uagb-icon-list-child:hover .uagb-icon-list__source-wrap{background:  !important;border-color:  !important;}.uagb-block-82f05ac5.wp-block-uagb-icon-list-child .uagb-icon-list__label{color: var(--ast-global-color-0) !important;}.uagb-block-82f05ac5.wp-block-uagb-icon-list-child .uagb-icon-list__source-wrap{background:  !important;border-color:  !important;}.uagb-block-82f05ac5.wp-block-uagb-icon-list-child:hover .uagb-icon-list__source-wrap{background:  !important;border-color:  !important;}.uagb-block-82f05ac5.wp-block-uagb-icon-list-child .uagb-icon-list__label{color: var(--ast-global-color-0) !important;}.uagb-block-82f05ac5.wp-block-uagb-icon-list-child .uagb-icon-list__source-wrap{background:  !important;border-color:  !important;}.uagb-block-82f05ac5.wp-block-uagb-icon-list-child:hover .uagb-icon-list__source-wrap{background:  !important;border-color:  !important;}@media only screen and (max-width: 976px) {.wp-block-uagb-icon-list.uagb-block-554f5597 .uagb-icon-list__source-image{width: 16px;}.wp-block-uagb-icon-list.uagb-block-554f5597 .wp-block-uagb-icon-list-child .uagb-icon-list__source-wrap svg{width: 16px;height: 16px;font-size: 16px;}.wp-block-uagb-icon-list.uagb-block-554f5597 .wp-block-uagb-icon-list-child .uagb-icon-list__source-wrap {padding: 0px;border-width: 0px;align-self: center;}.wp-block-uagb-icon-list.uagb-block-554f5597 .uagb-icon-list__wrap{display: flex;flex-direction: column;justify-content: center;-webkit-box-pack: center;-ms-flex-pack: center;-webkit-box-align: flex-start;-ms-flex-align: flex-start;align-items: flex-start;}.wp-block-uagb-icon-list.uagb-block-554f5597.wp-block-uagb-icon-list .wp-block-uagb-icon-list-child{margin-left: 0;margin-right: 0;margin-bottom: 10px;}}@media only screen and (max-width: 767px) {.wp-block-uagb-icon-list.uagb-block-554f5597 .uagb-icon-list__source-image{width: 16px;}.wp-block-uagb-icon-list.uagb-block-554f5597 .wp-block-uagb-icon-list-child .uagb-icon-list__source-wrap svg{width: 16px;height: 16px;font-size: 16px;}.wp-block-uagb-icon-list.uagb-block-554f5597 .wp-block-uagb-icon-list-child .uagb-icon-list__source-wrap{padding: 0px;border-width: 0px;align-self: center;}.wp-block-uagb-icon-list.uagb-block-554f5597 .uagb-icon-list__wrap{display: flex;flex-direction: column;justify-content: center;-webkit-box-pack: center;-ms-flex-pack: center;-webkit-box-align: flex-start;-ms-flex-align: flex-start;align-items: flex-start;}.wp-block-uagb-icon-list.uagb-block-554f5597.wp-block-uagb-icon-list .wp-block-uagb-icon-list-child{margin-left: 0;margin-right: 0;margin-bottom: 10px;}}.wp-block-uagb-icon-list.uagb-block-554f5597 .uagb-icon-list__source-image{width: 16px;}.wp-block-uagb-icon-list.uagb-block-554f5597 .wp-block-uagb-icon-list-child .uagb-icon-list__source-wrap svg{width: 16px;height: 16px;font-size: 16px;color: var(--ast-global-color-1);fill: var(--ast-global-color-1);}.wp-block-uagb-icon-list.uagb-block-554f5597 .wp-block-uagb-icon-list-child .uagb-icon-list__source-wrap{padding: 0px;border-radius: 0px;border-width: 0px;align-self: center;}.wp-block-uagb-icon-list.uagb-block-554f5597 .wp-block-uagb-icon-list-child .uagb-icon-list__label{text-decoration: !important;line-height: em;}.wp-block-uagb-icon-list.uagb-block-554f5597 .uagb-icon-list__wrap{display: flex;flex-direction: column;justify-content: center;-webkit-box-pack: center;-ms-flex-pack: center;-webkit-box-align: flex-start;-ms-flex-align: flex-start;align-items: flex-start;}.wp-block-uagb-icon-list.uagb-block-554f5597 .uagb-icon-list__label{text-align: left;}.wp-block-uagb-icon-list.uagb-block-554f5597 .wp-block-uagb-icon-list-child{text-decoration: !important;line-height: em;}.wp-block-uagb-icon-list.uagb-block-554f5597.wp-block-uagb-icon-list .wp-block-uagb-icon-list-child{margin-left: 0;margin-right: 0;margin-bottom: 10px;}.wp-block-uagb-icon-list.uagb-block-554f5597 .uagb-icon-list__source-wrap{margin-right: 15px;}.uagb-block-43e7b511.wp-block-uagb-icon-list-child .uagb-icon-list__label{color: var(--ast-global-color-0) !important;}.uagb-block-43e7b511.wp-block-uagb-icon-list-child .uagb-icon-list__source-wrap{background:  !important;border-color:  !important;}.uagb-block-43e7b511.wp-block-uagb-icon-list-child:hover .uagb-icon-list__source-wrap{background:  !important;border-color:  !important;}.uagb-block-f01f2a89.wp-block-uagb-icon-list-child .uagb-icon-list__label{color: var(--ast-global-color-0) !important;}.uagb-block-f01f2a89.wp-block-uagb-icon-list-child .uagb-icon-list__source-wrap{background:  !important;border-color:  !important;}.uagb-block-f01f2a89.wp-block-uagb-icon-list-child:hover .uagb-icon-list__source-wrap{background:  !important;border-color:  !important;}.uagb-block-82f05ac5.wp-block-uagb-icon-list-child .uagb-icon-list__label{color: var(--ast-global-color-0) !important;}.uagb-block-82f05ac5.wp-block-uagb-icon-list-child .uagb-icon-list__source-wrap{background:  !important;border-color:  !important;}.uagb-block-82f05ac5.wp-block-uagb-icon-list-child:hover .uagb-icon-list__source-wrap{background:  !important;border-color:  !important;}.uagb-block-82f05ac5.wp-block-uagb-icon-list-child .uagb-icon-list__label{color: var(--ast-global-color-0) !important;}.uagb-block-82f05ac5.wp-block-uagb-icon-list-child .uagb-icon-list__source-wrap{background:  !important;border-color:  !important;}.uagb-block-82f05ac5.wp-block-uagb-icon-list-child:hover .uagb-icon-list__source-wrap{background:  !important;border-color:  !important;}@media only screen and (max-width: 976px) {.wp-block-uagb-icon-list.uagb-block-554f5597 .uagb-icon-list__source-image{width: 16px;}.wp-block-uagb-icon-list.uagb-block-554f5597 .wp-block-uagb-icon-list-child .uagb-icon-list__source-wrap svg{width: 16px;height: 16px;font-size: 16px;}.wp-block-uagb-icon-list.uagb-block-554f5597 .wp-block-uagb-icon-list-child .uagb-icon-list__source-wrap {padding: 0px;border-width: 0px;align-self: center;}.wp-block-uagb-icon-list.uagb-block-554f5597 .uagb-icon-list__wrap{display: flex;flex-direction: column;justify-content: center;-webkit-box-pack: center;-ms-flex-pack: center;-webkit-box-align: flex-start;-ms-flex-align: flex-start;align-items: flex-start;}.wp-block-uagb-icon-list.uagb-block-554f5597.wp-block-uagb-icon-list .wp-block-uagb-icon-list-child{margin-left: 0;margin-right: 0;margin-bottom: 10px;}}@media only screen and (max-width: 767px) {.wp-block-uagb-icon-list.uagb-block-554f5597 .uagb-icon-list__source-image{width: 16px;}.wp-block-uagb-icon-list.uagb-block-554f5597 .wp-block-uagb-icon-list-child .uagb-icon-list__source-wrap svg{width: 16px;height: 16px;font-size: 16px;}.wp-block-uagb-icon-list.uagb-block-554f5597 .wp-block-uagb-icon-list-child .uagb-icon-list__source-wrap{padding: 0px;border-width: 0px;align-self: center;}.wp-block-uagb-icon-list.uagb-block-554f5597 .uagb-icon-list__wrap{display: flex;flex-direction: column;justify-content: center;-webkit-box-pack: center;-ms-flex-pack: center;-webkit-box-align: flex-start;-ms-flex-align: flex-start;align-items: flex-start;}.wp-block-uagb-icon-list.uagb-block-554f5597.wp-block-uagb-icon-list .wp-block-uagb-icon-list-child{margin-left: 0;margin-right: 0;margin-bottom: 10px;}}\";s:2:\"js\";s:0:\"\";s:18:\"current_block_list\";a:11:{i:0;s:11:\"core\/search\";i:1;s:10:\"core\/group\";i:2;s:12:\"core\/heading\";i:3;s:17:\"core\/latest-posts\";i:4;s:20:\"core\/latest-comments\";i:5;s:13:\"core\/archives\";i:6;s:15:\"core\/categories\";i:7;s:10:\"core\/image\";i:8;s:14:\"uagb\/icon-list\";i:9;s:20:\"uagb\/icon-list-child\";i:10;s:14:\"core\/paragraph\";}s:8:\"uag_flag\";b:1;s:11:\"uag_version\";s:10:\"1775415681\";s:6:\"gfonts\";a:0:{}s:10:\"gfonts_url\";s:0:\"\";s:12:\"gfonts_files\";a:0:{}s:14:\"uag_faq_layout\";b:0;}"]},"uagb_featured_image_src":{"full":["https:\/\/geekpulse.shop\/wp-content\/uploads\/2025\/11\/b0578bb2e09f12ea1079543fae567ef-scaled.png",2560,1829,false],"thumbnail":["https:\/\/geekpulse.shop\/wp-content\/uploads\/2025\/11\/b0578bb2e09f12ea1079543fae567ef-150x150.png",150,150,true],"medium":["https:\/\/geekpulse.shop\/wp-content\/uploads\/2025\/11\/b0578bb2e09f12ea1079543fae567ef-300x214.png",300,214,true],"medium_large":["https:\/\/geekpulse.shop\/wp-content\/uploads\/2025\/11\/b0578bb2e09f12ea1079543fae567ef-768x549.png",768,549,true],"large":["https:\/\/geekpulse.shop\/wp-content\/uploads\/2025\/11\/b0578bb2e09f12ea1079543fae567ef-1024x732.png",1024,732,true],"1536x1536":["https:\/\/geekpulse.shop\/wp-content\/uploads\/2025\/11\/b0578bb2e09f12ea1079543fae567ef-1536x1098.png",1536,1098,true],"2048x2048":["https:\/\/geekpulse.shop\/wp-content\/uploads\/2025\/11\/b0578bb2e09f12ea1079543fae567ef-2048x1463.png",2048,1463,true],"trp-custom-language-flag":["https:\/\/geekpulse.shop\/wp-content\/uploads\/2025\/11\/b0578bb2e09f12ea1079543fae567ef-scaled.png",18,12,false],"woocommerce_thumbnail":["https:\/\/geekpulse.shop\/wp-content\/uploads\/2025\/11\/b0578bb2e09f12ea1079543fae567ef-scaled-700x700.png",700,700,true],"woocommerce_single":["https:\/\/geekpulse.shop\/wp-content\/uploads\/2025\/11\/b0578bb2e09f12ea1079543fae567ef-scaled-1200x857.png",1200,857,true],"woocommerce_gallery_thumbnail":["https:\/\/geekpulse.shop\/wp-content\/uploads\/2025\/11\/b0578bb2e09f12ea1079543fae567ef-scaled-100x100.png",100,100,true]},"uagb_author_info":{"display_name":"seo","author_link":"https:\/\/geekpulse.shop\/de\/author\/"},"uagb_comment_info":0,"uagb_excerpt":"A tropical twist on a classic cool. Geek Pulse Peach Ice disposable vape infuses the crisp, refreshing chill of mint with a subtle hint of tropical citrus, creating a uniquely vibrant and invigorating vaping experience.","_links":{"self":[{"href":"https:\/\/geekpulse.shop\/de\/wp-json\/wp\/v2\/product\/120","targetHints":{"allow":["GET"]}}],"collection":[{"href":"https:\/\/geekpulse.shop\/de\/wp-json\/wp\/v2\/product"}],"about":[{"href":"https:\/\/geekpulse.shop\/de\/wp-json\/wp\/v2\/types\/product"}],"wp:featuredmedia":[{"embeddable":true,"href":"https:\/\/geekpulse.shop\/de\/wp-json\/wp\/v2\/media\/121"}],"wp:attachment":[{"href":"https:\/\/geekpulse.shop\/de\/wp-json\/wp\/v2\/media?parent=120"}],"wp:term":[{"taxonomy":"product_brand","embeddable":true,"href":"https:\/\/geekpulse.shop\/de\/wp-json\/wp\/v2\/product_brand?post=120"},{"taxonomy":"product_cat","embeddable":true,"href":"https:\/\/geekpulse.shop\/de\/wp-json\/wp\/v2\/product_cat?post=120"},{"taxonomy":"product_tag","embeddable":true,"href":"https:\/\/geekpulse.shop\/de\/wp-json\/wp\/v2\/product_tag?post=120"}],"curies":[{"name":"wp","href":"https:\/\/api.w.org\/{rel}","templated":true}]}}