{"id":303,"date":"2025-12-03T09:23:44","date_gmt":"2025-12-03T09:23:44","guid":{"rendered":"https:\/\/geek.puzb.com\/?post_type=product&#038;p=303"},"modified":"2025-12-09T09:40:14","modified_gmt":"2025-12-09T09:40:14","slug":"kiwi-passion-fruit-disposable-vapes","status":"publish","type":"product","link":"https:\/\/geekpulse.shop\/es\/producto\/kiwi-passion-fruit-disposable-vapes\/","title":{"rendered":"1 caja (150 unidades) Vape desechable USA Geek Pulse Premium | Kiwi Passion Fruit"},"content":{"rendered":"<p class=\"ds-markdown-paragraph\">Emb\u00e1rcate en un viaje a los tr\u00f3picos con Geek Pulse\u00a0<strong>Vape desechable de kiwi y maracuy\u00e1<\/strong>\u00a0Sabor donde dos de las frutas m\u00e1s vibrantes de la naturaleza se unen en perfecta armon\u00eda. Esta mezcla, elaborada con maestr\u00eda, comienza con la brillante y \u00e1cida ralladura de kiwi verde fresco, ofreciendo un estallido inicial crujiente y ligeramente \u00e1cido que despierta los sentidos al instante. A medida que las vibrantes notas de kiwi danzan en el paladar, se unen a la perfecci\u00f3n con la exuberante dulzura tropical de la maracuy\u00e1 madurada al sol.<\/p>\n<p class=\"ds-markdown-paragraph\">Esta ex\u00f3tica combinaci\u00f3n crea un complejo perfil de sabor dulce y \u00e1cido, con la refrescante intensidad del kiwi perfectamente equilibrada por la arom\u00e1tica y jugosa intensidad del maracuy\u00e1. El resultado es una experiencia de vapeo verdaderamente cautivadora que te transporta a una isla paradis\u00edaca con cada calada. A diferencia de nuestras variantes &quot;Ice&quot;, este sabor se centra exclusivamente en la vitalidad natural de sus componentes frutales, permitiendo que el aut\u00e9ntico sabor de estas joyas tropicales brille sin ninguna interrupci\u00f3n refrescante.<\/p>\n<p class=\"ds-markdown-paragraph\">Presentado en el elegante y potente dispositivo Geek Pulse, este sabor ofrece una producci\u00f3n de vapor uniforme y constante, y una satisfacci\u00f3n garantizada desde la primera calada hasta la \u00faltima. La f\u00f3rmula de sales de nicotina 5% garantiza una experiencia satisfactoria que te har\u00e1 volver a disfrutar de esta escapada tropical durante todo el d\u00eda.<\/p>\n<p><img loading=\"lazy\" decoding=\"async\" class=\"alignnone wp-image-104 size-full\" src=\"https:\/\/geek.puzb.com\/wp-content\/uploads\/2025\/11\/1240508046506e3cb13ab70b8b1b13e-min-scaled.png\" alt=\"\" width=\"1421\" height=\"2560\" srcset=\"https:\/\/geekpulse.shop\/wp-content\/uploads\/2025\/11\/1240508046506e3cb13ab70b8b1b13e-min-scaled.png 1421w, https:\/\/geekpulse.shop\/wp-content\/uploads\/2025\/11\/1240508046506e3cb13ab70b8b1b13e-min-scaled-1200x2162.png 1200w, https:\/\/geekpulse.shop\/wp-content\/uploads\/2025\/11\/1240508046506e3cb13ab70b8b1b13e-min-167x300.png 167w, https:\/\/geekpulse.shop\/wp-content\/uploads\/2025\/11\/1240508046506e3cb13ab70b8b1b13e-min-568x1024.png 568w, https:\/\/geekpulse.shop\/wp-content\/uploads\/2025\/11\/1240508046506e3cb13ab70b8b1b13e-min-768x1384.png 768w, https:\/\/geekpulse.shop\/wp-content\/uploads\/2025\/11\/1240508046506e3cb13ab70b8b1b13e-min-853x1536.png 853w, https:\/\/geekpulse.shop\/wp-content\/uploads\/2025\/11\/1240508046506e3cb13ab70b8b1b13e-min-1137x2048.png 1137w\" sizes=\"auto, (max-width: 1421px) 100vw, 1421px\" \/><\/p>","protected":false},"excerpt":{"rendered":"<p data-start=\"122\" data-end=\"459\">Una fusi\u00f3n tropical de kiwi \u00e1cido y maracuy\u00e1 ex\u00f3tica. <strong data-start=\"180\" data-end=\"213\">Vape desechable de fruta de la pasi\u00f3n y kiwi Geek Pulse<\/strong> Combina kiwi verde picante con maracuy\u00e1 dulce y arom\u00e1tica para una experiencia de vapeo irrestiblemente refrescante y vibrante.<\/p>\n<p data-start=\"128\" data-end=\"521\"><strong data-start=\"399\" data-end=\"519\">Stock en EE. UU. disponible solo para mayoristas: 1 caja contiene 150 unidades. Fabricado en EE. UU.\u00a0<\/strong><\/p>\n<p data-start=\"128\" data-end=\"521\">Si necesita stock minorista, visite\u00a0<a href=\"https:\/\/geekpulse.shop\/es\/geek-pulse-products\/\">F\u00e1brica china DTC<\/a>.<\/p>","protected":false},"featured_media":123,"template":"","meta":{"_uag_custom_page_level_css":"","site-sidebar-layout":"default","site-content-layout":"","ast-site-content-layout":"default","site-content-style":"default","site-sidebar-style":"default","ast-global-header-display":"","ast-banner-title-visibility":"","ast-main-header-display":"","ast-hfb-above-header-display":"","ast-hfb-below-header-display":"","ast-hfb-mobile-header-display":"","site-post-title":"","ast-breadcrumbs-content":"","ast-featured-img":"","footer-sml-layout":"","ast-disable-related-posts":"","theme-transparent-header-meta":"default","adv-header-id-meta":"","stick-header-meta":"default","header-above-stick-meta":"","header-main-stick-meta":"","header-below-stick-meta":"","astra-migrate-meta-layouts":"set","ast-page-background-enabled":"default","ast-page-background-meta":{"desktop":{"background-color":"var(--ast-global-color-5)","background-image":"","background-repeat":"repeat","background-position":"center center","background-size":"auto","background-attachment":"scroll","background-type":"","background-media":"","overlay-type":"","overlay-color":"","overlay-opacity":"","overlay-gradient":""},"tablet":{"background-color":"","background-image":"","background-repeat":"repeat","background-position":"center center","background-size":"auto","background-attachment":"scroll","background-type":"","background-media":"","overlay-type":"","overlay-color":"","overlay-opacity":"","overlay-gradient":""},"mobile":{"background-color":"","background-image":"","background-repeat":"repeat","background-position":"center center","background-size":"auto","background-attachment":"scroll","background-type":"","background-media":"","overlay-type":"","overlay-color":"","overlay-opacity":"","overlay-gradient":""}},"ast-content-background-meta":{"desktop":{"background-color":"var(--ast-global-color-4)","background-image":"","background-repeat":"repeat","background-position":"center center","background-size":"auto","background-attachment":"scroll","background-type":"","background-media":"","overlay-type":"","overlay-color":"","overlay-opacity":"","overlay-gradient":""},"tablet":{"background-color":"var(--ast-global-color-4)","background-image":"","background-repeat":"repeat","background-position":"center center","background-size":"auto","background-attachment":"scroll","background-type":"","background-media":"","overlay-type":"","overlay-color":"","overlay-opacity":"","overlay-gradient":""},"mobile":{"background-color":"var(--ast-global-color-4)","background-image":"","background-repeat":"repeat","background-position":"center center","background-size":"auto","background-attachment":"scroll","background-type":"","background-media":"","overlay-type":"","overlay-color":"","overlay-opacity":"","overlay-gradient":""}}},"product_brand":[],"product_cat":[15],"product_tag":[],"class_list":{"0":"post-303","1":"product","2":"type-product","3":"status-publish","4":"has-post-thumbnail","6":"product_cat-usa-stock","7":"desktop-align-center","8":"tablet-align-left","9":"mobile-align-center","10":"ast-product-gallery-layout-horizontal-slider","11":"ast-product-gallery-with-no-image","12":"ast-product-tabs-layout-horizontal","14":"first","15":"instock","16":"shipping-taxable","17":"purchasable","18":"product-type-simple"},"spectra_custom_meta":{"_regular_price":["999"],"total_sales":["0"],"_tax_status":["taxable"],"_tax_class":[""],"_manage_stock":["no"],"_backorders":["no"],"_sold_individually":["no"],"_virtual":["no"],"_downloadable":["no"],"_download_limit":["-1"],"_download_expiry":["-1"],"_thumbnail_id":["123"],"_stock":[null],"_stock_status":["instock"],"_wc_average_rating":["0"],"_wc_review_count":["0"],"_product_version":["10.3.6"],"_price":["999"],"site-sidebar-layout":["default"],"ast-site-content-layout":["default"],"site-content-style":["default"],"site-sidebar-style":["default"],"theme-transparent-header-meta":["default"],"stick-header-meta":["default"],"_edit_lock":["1765273074:1"],"_edit_last":["1"],"rank_math_seo_score":["85"],"rank_math_contentai_score":["a:5:{s:8:\"keywords\";s:5:\"74.51\";s:9:\"wordCount\";s:1:\"0\";s:9:\"linkCount\";s:1:\"0\";s:12:\"headingCount\";s:1:\"0\";s:10:\"mediaCount\";s:1:\"0\";}"],"rank_math_primary_product_brand":["0"],"rank_math_primary_product_cat":["15"],"_wp_old_slug":["geek-pulse-premium-vape-kiwi-passion-fruit","wholesale-kiwi-passion-fruit-vapes-usa"],"rank_math_title":["Wholesale Kiwi Passion Fruit Disposable Vapes USA | Geek Pulse"],"rank_math_description":["Juicy kiwi passion fruit disposable vape in every puff \u2014 Geek Pulse disposable vape delivers premium flavor and quality. Buy in bulk now!"],"rank_math_focus_keyword":["Kiwi Passion Fruit Disposable Vape"],"astra-migrate-meta-layouts":["set"],"_uag_css_file_name":["uag-css-303.css"],"rank_math_internal_links_processed":["1"],"_uag_page_assets":["a:9:{s:3:\"css\";s:14522:\".uagb-icon-list__wrap{display:flex;align-items:flex-start;justify-content:flex-start}.wp-block-uagb-icon-list-child{padding:0;transition:all 0.2s;display:inline-flex;color:#3a3a3a;align-items:center;text-decoration:none;box-shadow:none}.wp-block-uagb-icon-list-child span.uagb-icon-list__source-wrap{display:block;align-items:center}.uagb-icon-list__source-wrap svg{display:block}.uagb-icon-list__source-image{width:40px}.uagb-icon-list__outer-wrap .uagb-icon-list__content-wrap{color:#3a3a3a;display:flex;align-items:center}\n.wp-block-uagb-icon-list-child{position:relative}.wp-block-uagb-icon-list-child>a{position:absolute;top:0;left:0;width:100%;height:100%}img.uagb-icon-list__source-image{max-width:unset}.wp-block-uagb-icon-list-child .uagb-icon-list__label{word-break:break-word}\n.wp-block-uagb-icon-list.uagb-block-554f5597 .uagb-icon-list__source-image{width: 16px;}.wp-block-uagb-icon-list.uagb-block-554f5597 .wp-block-uagb-icon-list-child .uagb-icon-list__source-wrap svg{width: 16px;height: 16px;font-size: 16px;color: var(--ast-global-color-1);fill: var(--ast-global-color-1);}.wp-block-uagb-icon-list.uagb-block-554f5597 .wp-block-uagb-icon-list-child .uagb-icon-list__source-wrap{padding: 0px;border-radius: 0px;border-width: 0px;align-self: center;}.wp-block-uagb-icon-list.uagb-block-554f5597 .wp-block-uagb-icon-list-child .uagb-icon-list__label{text-decoration: !important;line-height: em;}.wp-block-uagb-icon-list.uagb-block-554f5597 .uagb-icon-list__wrap{display: flex;flex-direction: column;justify-content: center;-webkit-box-pack: center;-ms-flex-pack: center;-webkit-box-align: flex-start;-ms-flex-align: flex-start;align-items: flex-start;}.wp-block-uagb-icon-list.uagb-block-554f5597 .uagb-icon-list__label{text-align: left;}.wp-block-uagb-icon-list.uagb-block-554f5597 .wp-block-uagb-icon-list-child{text-decoration: !important;line-height: em;}.wp-block-uagb-icon-list.uagb-block-554f5597.wp-block-uagb-icon-list .wp-block-uagb-icon-list-child{margin-left: 0;margin-right: 0;margin-bottom: 10px;}.wp-block-uagb-icon-list.uagb-block-554f5597 .uagb-icon-list__source-wrap{margin-right: 15px;}.uagb-block-43e7b511.wp-block-uagb-icon-list-child .uagb-icon-list__label{color: var(--ast-global-color-0) !important;}.uagb-block-43e7b511.wp-block-uagb-icon-list-child .uagb-icon-list__source-wrap{background:  !important;border-color:  !important;}.uagb-block-43e7b511.wp-block-uagb-icon-list-child:hover .uagb-icon-list__source-wrap{background:  !important;border-color:  !important;}.uagb-block-f01f2a89.wp-block-uagb-icon-list-child .uagb-icon-list__label{color: var(--ast-global-color-0) !important;}.uagb-block-f01f2a89.wp-block-uagb-icon-list-child .uagb-icon-list__source-wrap{background:  !important;border-color:  !important;}.uagb-block-f01f2a89.wp-block-uagb-icon-list-child:hover .uagb-icon-list__source-wrap{background:  !important;border-color:  !important;}.uagb-block-82f05ac5.wp-block-uagb-icon-list-child .uagb-icon-list__label{color: var(--ast-global-color-0) !important;}.uagb-block-82f05ac5.wp-block-uagb-icon-list-child .uagb-icon-list__source-wrap{background:  !important;border-color:  !important;}.uagb-block-82f05ac5.wp-block-uagb-icon-list-child:hover .uagb-icon-list__source-wrap{background:  !important;border-color:  !important;}.uagb-block-82f05ac5.wp-block-uagb-icon-list-child .uagb-icon-list__label{color: var(--ast-global-color-0) !important;}.uagb-block-82f05ac5.wp-block-uagb-icon-list-child .uagb-icon-list__source-wrap{background:  !important;border-color:  !important;}.uagb-block-82f05ac5.wp-block-uagb-icon-list-child:hover .uagb-icon-list__source-wrap{background:  !important;border-color:  !important;}@media only screen and (max-width: 976px) {.wp-block-uagb-icon-list.uagb-block-554f5597 .uagb-icon-list__source-image{width: 16px;}.wp-block-uagb-icon-list.uagb-block-554f5597 .wp-block-uagb-icon-list-child .uagb-icon-list__source-wrap svg{width: 16px;height: 16px;font-size: 16px;}.wp-block-uagb-icon-list.uagb-block-554f5597 .wp-block-uagb-icon-list-child .uagb-icon-list__source-wrap {padding: 0px;border-width: 0px;align-self: center;}.wp-block-uagb-icon-list.uagb-block-554f5597 .uagb-icon-list__wrap{display: flex;flex-direction: column;justify-content: center;-webkit-box-pack: center;-ms-flex-pack: center;-webkit-box-align: flex-start;-ms-flex-align: flex-start;align-items: flex-start;}.wp-block-uagb-icon-list.uagb-block-554f5597.wp-block-uagb-icon-list .wp-block-uagb-icon-list-child{margin-left: 0;margin-right: 0;margin-bottom: 10px;}}@media only screen and (max-width: 767px) {.wp-block-uagb-icon-list.uagb-block-554f5597 .uagb-icon-list__source-image{width: 16px;}.wp-block-uagb-icon-list.uagb-block-554f5597 .wp-block-uagb-icon-list-child .uagb-icon-list__source-wrap svg{width: 16px;height: 16px;font-size: 16px;}.wp-block-uagb-icon-list.uagb-block-554f5597 .wp-block-uagb-icon-list-child .uagb-icon-list__source-wrap{padding: 0px;border-width: 0px;align-self: center;}.wp-block-uagb-icon-list.uagb-block-554f5597 .uagb-icon-list__wrap{display: flex;flex-direction: column;justify-content: center;-webkit-box-pack: center;-ms-flex-pack: center;-webkit-box-align: flex-start;-ms-flex-align: flex-start;align-items: flex-start;}.wp-block-uagb-icon-list.uagb-block-554f5597.wp-block-uagb-icon-list .wp-block-uagb-icon-list-child{margin-left: 0;margin-right: 0;margin-bottom: 10px;}}.wp-block-uagb-icon-list.uagb-block-554f5597 .uagb-icon-list__source-image{width: 16px;}.wp-block-uagb-icon-list.uagb-block-554f5597 .wp-block-uagb-icon-list-child .uagb-icon-list__source-wrap svg{width: 16px;height: 16px;font-size: 16px;color: var(--ast-global-color-1);fill: var(--ast-global-color-1);}.wp-block-uagb-icon-list.uagb-block-554f5597 .wp-block-uagb-icon-list-child .uagb-icon-list__source-wrap{padding: 0px;border-radius: 0px;border-width: 0px;align-self: center;}.wp-block-uagb-icon-list.uagb-block-554f5597 .wp-block-uagb-icon-list-child .uagb-icon-list__label{text-decoration: !important;line-height: em;}.wp-block-uagb-icon-list.uagb-block-554f5597 .uagb-icon-list__wrap{display: flex;flex-direction: column;justify-content: center;-webkit-box-pack: center;-ms-flex-pack: center;-webkit-box-align: flex-start;-ms-flex-align: flex-start;align-items: flex-start;}.wp-block-uagb-icon-list.uagb-block-554f5597 .uagb-icon-list__label{text-align: left;}.wp-block-uagb-icon-list.uagb-block-554f5597 .wp-block-uagb-icon-list-child{text-decoration: !important;line-height: em;}.wp-block-uagb-icon-list.uagb-block-554f5597.wp-block-uagb-icon-list .wp-block-uagb-icon-list-child{margin-left: 0;margin-right: 0;margin-bottom: 10px;}.wp-block-uagb-icon-list.uagb-block-554f5597 .uagb-icon-list__source-wrap{margin-right: 15px;}.uagb-block-43e7b511.wp-block-uagb-icon-list-child .uagb-icon-list__label{color: var(--ast-global-color-0) !important;}.uagb-block-43e7b511.wp-block-uagb-icon-list-child .uagb-icon-list__source-wrap{background:  !important;border-color:  !important;}.uagb-block-43e7b511.wp-block-uagb-icon-list-child:hover .uagb-icon-list__source-wrap{background:  !important;border-color:  !important;}.uagb-block-f01f2a89.wp-block-uagb-icon-list-child .uagb-icon-list__label{color: var(--ast-global-color-0) !important;}.uagb-block-f01f2a89.wp-block-uagb-icon-list-child .uagb-icon-list__source-wrap{background:  !important;border-color:  !important;}.uagb-block-f01f2a89.wp-block-uagb-icon-list-child:hover .uagb-icon-list__source-wrap{background:  !important;border-color:  !important;}.uagb-block-82f05ac5.wp-block-uagb-icon-list-child .uagb-icon-list__label{color: var(--ast-global-color-0) !important;}.uagb-block-82f05ac5.wp-block-uagb-icon-list-child .uagb-icon-list__source-wrap{background:  !important;border-color:  !important;}.uagb-block-82f05ac5.wp-block-uagb-icon-list-child:hover .uagb-icon-list__source-wrap{background:  !important;border-color:  !important;}.uagb-block-82f05ac5.wp-block-uagb-icon-list-child .uagb-icon-list__label{color: var(--ast-global-color-0) !important;}.uagb-block-82f05ac5.wp-block-uagb-icon-list-child .uagb-icon-list__source-wrap{background:  !important;border-color:  !important;}.uagb-block-82f05ac5.wp-block-uagb-icon-list-child:hover .uagb-icon-list__source-wrap{background:  !important;border-color:  !important;}@media only screen and (max-width: 976px) {.wp-block-uagb-icon-list.uagb-block-554f5597 .uagb-icon-list__source-image{width: 16px;}.wp-block-uagb-icon-list.uagb-block-554f5597 .wp-block-uagb-icon-list-child .uagb-icon-list__source-wrap svg{width: 16px;height: 16px;font-size: 16px;}.wp-block-uagb-icon-list.uagb-block-554f5597 .wp-block-uagb-icon-list-child .uagb-icon-list__source-wrap {padding: 0px;border-width: 0px;align-self: center;}.wp-block-uagb-icon-list.uagb-block-554f5597 .uagb-icon-list__wrap{display: flex;flex-direction: column;justify-content: center;-webkit-box-pack: center;-ms-flex-pack: center;-webkit-box-align: flex-start;-ms-flex-align: flex-start;align-items: flex-start;}.wp-block-uagb-icon-list.uagb-block-554f5597.wp-block-uagb-icon-list .wp-block-uagb-icon-list-child{margin-left: 0;margin-right: 0;margin-bottom: 10px;}}@media only screen and (max-width: 767px) {.wp-block-uagb-icon-list.uagb-block-554f5597 .uagb-icon-list__source-image{width: 16px;}.wp-block-uagb-icon-list.uagb-block-554f5597 .wp-block-uagb-icon-list-child .uagb-icon-list__source-wrap svg{width: 16px;height: 16px;font-size: 16px;}.wp-block-uagb-icon-list.uagb-block-554f5597 .wp-block-uagb-icon-list-child .uagb-icon-list__source-wrap{padding: 0px;border-width: 0px;align-self: center;}.wp-block-uagb-icon-list.uagb-block-554f5597 .uagb-icon-list__wrap{display: flex;flex-direction: column;justify-content: center;-webkit-box-pack: center;-ms-flex-pack: center;-webkit-box-align: flex-start;-ms-flex-align: flex-start;align-items: flex-start;}.wp-block-uagb-icon-list.uagb-block-554f5597.wp-block-uagb-icon-list .wp-block-uagb-icon-list-child{margin-left: 0;margin-right: 0;margin-bottom: 10px;}}.wp-block-uagb-icon-list.uagb-block-554f5597 .uagb-icon-list__source-image{width: 16px;}.wp-block-uagb-icon-list.uagb-block-554f5597 .wp-block-uagb-icon-list-child .uagb-icon-list__source-wrap svg{width: 16px;height: 16px;font-size: 16px;color: var(--ast-global-color-1);fill: var(--ast-global-color-1);}.wp-block-uagb-icon-list.uagb-block-554f5597 .wp-block-uagb-icon-list-child .uagb-icon-list__source-wrap{padding: 0px;border-radius: 0px;border-width: 0px;align-self: center;}.wp-block-uagb-icon-list.uagb-block-554f5597 .wp-block-uagb-icon-list-child .uagb-icon-list__label{text-decoration: !important;line-height: em;}.wp-block-uagb-icon-list.uagb-block-554f5597 .uagb-icon-list__wrap{display: flex;flex-direction: column;justify-content: center;-webkit-box-pack: center;-ms-flex-pack: center;-webkit-box-align: flex-start;-ms-flex-align: flex-start;align-items: flex-start;}.wp-block-uagb-icon-list.uagb-block-554f5597 .uagb-icon-list__label{text-align: left;}.wp-block-uagb-icon-list.uagb-block-554f5597 .wp-block-uagb-icon-list-child{text-decoration: !important;line-height: em;}.wp-block-uagb-icon-list.uagb-block-554f5597.wp-block-uagb-icon-list .wp-block-uagb-icon-list-child{margin-left: 0;margin-right: 0;margin-bottom: 10px;}.wp-block-uagb-icon-list.uagb-block-554f5597 .uagb-icon-list__source-wrap{margin-right: 15px;}.uagb-block-43e7b511.wp-block-uagb-icon-list-child .uagb-icon-list__label{color: var(--ast-global-color-0) !important;}.uagb-block-43e7b511.wp-block-uagb-icon-list-child .uagb-icon-list__source-wrap{background:  !important;border-color:  !important;}.uagb-block-43e7b511.wp-block-uagb-icon-list-child:hover .uagb-icon-list__source-wrap{background:  !important;border-color:  !important;}.uagb-block-f01f2a89.wp-block-uagb-icon-list-child .uagb-icon-list__label{color: var(--ast-global-color-0) !important;}.uagb-block-f01f2a89.wp-block-uagb-icon-list-child .uagb-icon-list__source-wrap{background:  !important;border-color:  !important;}.uagb-block-f01f2a89.wp-block-uagb-icon-list-child:hover .uagb-icon-list__source-wrap{background:  !important;border-color:  !important;}.uagb-block-82f05ac5.wp-block-uagb-icon-list-child .uagb-icon-list__label{color: var(--ast-global-color-0) !important;}.uagb-block-82f05ac5.wp-block-uagb-icon-list-child .uagb-icon-list__source-wrap{background:  !important;border-color:  !important;}.uagb-block-82f05ac5.wp-block-uagb-icon-list-child:hover .uagb-icon-list__source-wrap{background:  !important;border-color:  !important;}.uagb-block-82f05ac5.wp-block-uagb-icon-list-child .uagb-icon-list__label{color: var(--ast-global-color-0) !important;}.uagb-block-82f05ac5.wp-block-uagb-icon-list-child .uagb-icon-list__source-wrap{background:  !important;border-color:  !important;}.uagb-block-82f05ac5.wp-block-uagb-icon-list-child:hover .uagb-icon-list__source-wrap{background:  !important;border-color:  !important;}@media only screen and (max-width: 976px) {.wp-block-uagb-icon-list.uagb-block-554f5597 .uagb-icon-list__source-image{width: 16px;}.wp-block-uagb-icon-list.uagb-block-554f5597 .wp-block-uagb-icon-list-child .uagb-icon-list__source-wrap svg{width: 16px;height: 16px;font-size: 16px;}.wp-block-uagb-icon-list.uagb-block-554f5597 .wp-block-uagb-icon-list-child .uagb-icon-list__source-wrap {padding: 0px;border-width: 0px;align-self: center;}.wp-block-uagb-icon-list.uagb-block-554f5597 .uagb-icon-list__wrap{display: flex;flex-direction: column;justify-content: center;-webkit-box-pack: center;-ms-flex-pack: center;-webkit-box-align: flex-start;-ms-flex-align: flex-start;align-items: flex-start;}.wp-block-uagb-icon-list.uagb-block-554f5597.wp-block-uagb-icon-list .wp-block-uagb-icon-list-child{margin-left: 0;margin-right: 0;margin-bottom: 10px;}}@media only screen and (max-width: 767px) {.wp-block-uagb-icon-list.uagb-block-554f5597 .uagb-icon-list__source-image{width: 16px;}.wp-block-uagb-icon-list.uagb-block-554f5597 .wp-block-uagb-icon-list-child .uagb-icon-list__source-wrap svg{width: 16px;height: 16px;font-size: 16px;}.wp-block-uagb-icon-list.uagb-block-554f5597 .wp-block-uagb-icon-list-child .uagb-icon-list__source-wrap{padding: 0px;border-width: 0px;align-self: center;}.wp-block-uagb-icon-list.uagb-block-554f5597 .uagb-icon-list__wrap{display: flex;flex-direction: column;justify-content: center;-webkit-box-pack: center;-ms-flex-pack: center;-webkit-box-align: flex-start;-ms-flex-align: flex-start;align-items: flex-start;}.wp-block-uagb-icon-list.uagb-block-554f5597.wp-block-uagb-icon-list .wp-block-uagb-icon-list-child{margin-left: 0;margin-right: 0;margin-bottom: 10px;}}\";s:2:\"js\";s:0:\"\";s:18:\"current_block_list\";a:11:{i:0;s:11:\"core\/search\";i:1;s:10:\"core\/group\";i:2;s:12:\"core\/heading\";i:3;s:17:\"core\/latest-posts\";i:4;s:20:\"core\/latest-comments\";i:5;s:13:\"core\/archives\";i:6;s:15:\"core\/categories\";i:7;s:10:\"core\/image\";i:8;s:14:\"uagb\/icon-list\";i:9;s:20:\"uagb\/icon-list-child\";i:10;s:14:\"core\/paragraph\";}s:8:\"uag_flag\";b:1;s:11:\"uag_version\";s:10:\"1775432272\";s:6:\"gfonts\";a:0:{}s:10:\"gfonts_url\";s:0:\"\";s:12:\"gfonts_files\";a:0:{}s:14:\"uag_faq_layout\";b:0;}"]},"uagb_featured_image_src":{"full":["https:\/\/geekpulse.shop\/wp-content\/uploads\/2025\/11\/bdcd9ed0d2aa2486480606455c45430-scaled.png",2560,1829,false],"thumbnail":["https:\/\/geekpulse.shop\/wp-content\/uploads\/2025\/11\/bdcd9ed0d2aa2486480606455c45430-150x150.png",150,150,true],"medium":["https:\/\/geekpulse.shop\/wp-content\/uploads\/2025\/11\/bdcd9ed0d2aa2486480606455c45430-300x214.png",300,214,true],"medium_large":["https:\/\/geekpulse.shop\/wp-content\/uploads\/2025\/11\/bdcd9ed0d2aa2486480606455c45430-768x549.png",768,549,true],"large":["https:\/\/geekpulse.shop\/wp-content\/uploads\/2025\/11\/bdcd9ed0d2aa2486480606455c45430-1024x732.png",1024,732,true],"1536x1536":["https:\/\/geekpulse.shop\/wp-content\/uploads\/2025\/11\/bdcd9ed0d2aa2486480606455c45430-1536x1098.png",1536,1098,true],"2048x2048":["https:\/\/geekpulse.shop\/wp-content\/uploads\/2025\/11\/bdcd9ed0d2aa2486480606455c45430-2048x1463.png",2048,1463,true],"trp-custom-language-flag":["https:\/\/geekpulse.shop\/wp-content\/uploads\/2025\/11\/bdcd9ed0d2aa2486480606455c45430-scaled.png",18,12,false],"woocommerce_thumbnail":["https:\/\/geekpulse.shop\/wp-content\/uploads\/2025\/11\/bdcd9ed0d2aa2486480606455c45430-scaled-700x700.png",700,700,true],"woocommerce_single":["https:\/\/geekpulse.shop\/wp-content\/uploads\/2025\/11\/bdcd9ed0d2aa2486480606455c45430-scaled-1200x857.png",1200,857,true],"woocommerce_gallery_thumbnail":["https:\/\/geekpulse.shop\/wp-content\/uploads\/2025\/11\/bdcd9ed0d2aa2486480606455c45430-scaled-100x100.png",100,100,true]},"uagb_author_info":{"display_name":"seo","author_link":"https:\/\/geekpulse.shop\/es\/author\/"},"uagb_comment_info":0,"uagb_excerpt":"A tropical fusion of tangy kiwi and exotic passion fruit. Geek Pulse Kiwi Passion Fruit Disposable Vape combines zesty green kiwi with sweet, aromatic passion fruit for an irresistibly refreshing and vibrant vaping experience. USA stock vailable for wholesale only: 1 carton contains 150pcs. Made in the USA.\u00a0 If you need retail stock please visit\u00a0China&hellip;","_links":{"self":[{"href":"https:\/\/geekpulse.shop\/es\/wp-json\/wp\/v2\/product\/303","targetHints":{"allow":["GET"]}}],"collection":[{"href":"https:\/\/geekpulse.shop\/es\/wp-json\/wp\/v2\/product"}],"about":[{"href":"https:\/\/geekpulse.shop\/es\/wp-json\/wp\/v2\/types\/product"}],"wp:featuredmedia":[{"embeddable":true,"href":"https:\/\/geekpulse.shop\/es\/wp-json\/wp\/v2\/media\/123"}],"wp:attachment":[{"href":"https:\/\/geekpulse.shop\/es\/wp-json\/wp\/v2\/media?parent=303"}],"wp:term":[{"taxonomy":"product_brand","embeddable":true,"href":"https:\/\/geekpulse.shop\/es\/wp-json\/wp\/v2\/product_brand?post=303"},{"taxonomy":"product_cat","embeddable":true,"href":"https:\/\/geekpulse.shop\/es\/wp-json\/wp\/v2\/product_cat?post=303"},{"taxonomy":"product_tag","embeddable":true,"href":"https:\/\/geekpulse.shop\/es\/wp-json\/wp\/v2\/product_tag?post=303"}],"curies":[{"name":"wp","href":"https:\/\/api.w.org\/{rel}","templated":true}]}}